{"id":2695,"date":"2017-07-25T20:29:02","date_gmt":"2017-07-25T20:29:02","guid":{"rendered":"http:\/\/charged.lt\/?page_id=2695"},"modified":"2017-10-16T18:06:54","modified_gmt":"2017-10-16T15:06:54","slug":"accessories","status":"publish","type":"page","link":"https:\/\/charged.lt\/lt\/priedai\/","title":{"rendered":"Priedai"},"content":{"rendered":"[vc_row][vc_column]<div class=\"woocommerce columns-4 \">\n\t\t\t\t<div class=\"k2t-product-page\">\n\t\t\t\t\t<div class=\"product-gallery product-velo isotope-fullwidth isotope-3 pf-3col\">\n\t\t\t\t\t\t<div class=\"k2t-isotope-wrapper isotope-3-columns isotope-gallery isotope-velo\">\n\t\t\t\t\t\t\t<div class=\"article-loop k2t-isotope-container\">\n\t\t\t\t\t\t\t\t<div class=\"gutter-sizer\"><\/div>\n\t\t\t<div class=\"products k2t-carousel\"><div class=\"isotope-selector first post-3412 product type-product status-publish has-post-thumbnail hentry product_cat-accessories\">\n\n\t<article class=\"product-item\"><div class=\"product-thumb\"><a href=\"?add-to-cart=3412\" rel=\"nofollow\" data-product_id=\"3412\" data-product_sku=\"BHWL\" data-quantity=\"1\" class=\"button add_to_cart_button product_type_simple\">\u012e krep\u0161el\u012f<\/a>\n\t<a href=\"https:\/\/charged.lt\/lt\/produktas\/dviracio-salmas-su-stabdziu-lempomis\/\">\n\n\t\t<div class=\"product-name\"><div class=\"p-top\"><\/div>\n\t\t<h3>Dvira\u010dio \u0160almas su Stabd\u017ei\u0173 Lempomis<\/h3>\n\n\t\t\n\t<span class=\"price\"><del><span class=\"woocommerce-Price-amount amount\"><bdi>177.77&nbsp;<span class=\"woocommerce-Price-currencySymbol\">&euro;<\/span><\/bdi><\/span><\/del> <ins><span class=\"woocommerce-Price-amount amount\"><bdi>107.00&nbsp;<span class=\"woocommerce-Price-currencySymbol\">&euro;<\/span><\/bdi><\/span><\/ins> <small class=\"woocommerce-price-suffix\">su PVM<\/small><\/span>\n<\/div>\n\t<\/a>\n\n\t<\/div><\/article>\n<\/div>\n<div class=\"isotope-selector post-3522 product type-product status-publish has-post-thumbnail hentry product_cat-accessories\">\n\n\t<article class=\"product-item\"><div class=\"product-thumb\"><a href=\"https:\/\/charged.lt\/lt\/produktas\/pirstines-su-led-sviesa\/\" rel=\"nofollow\" data-product_id=\"3522\" data-product_sku=\"GLL\" data-quantity=\"1\" class=\"button add_to_cart_button product_type_variable\">Pasirinkti savybes<\/a>\n\t<a href=\"https:\/\/charged.lt\/lt\/produktas\/pirstines-su-led-sviesa\/\">\n\n\t\t<div class=\"product-name\"><div class=\"p-top\"><\/div>\n\t\t<h3>Pir\u0161tin\u0117s su LED \u0161viesa<\/h3>\n\n\t\t\n\t<span class=\"price\"><span class=\"woocommerce-Price-amount amount\"><bdi>27.77&nbsp;<span class=\"woocommerce-Price-currencySymbol\">&euro;<\/span><\/bdi><\/span> <small class=\"woocommerce-price-suffix\">su PVM<\/small><\/span>\n<\/div>\n\t<\/a>\n\n\t<\/div><\/article>\n<\/div>\n<div class=\"isotope-selector post-3292 product type-product status-publish has-post-thumbnail hentry product_brand-charged product_cat-accessories\">\n\n\t<article class=\"product-item\"><div class=\"product-thumb\"><a href=\"?add-to-cart=3292\" rel=\"nofollow\" data-product_id=\"3292\" data-product_sku=\"PCP\" data-quantity=\"1\" class=\"button add_to_cart_button product_type_simple\">\u012e krep\u0161el\u012f<\/a>\n\t<a href=\"https:\/\/charged.lt\/lt\/produktas\/ikraunama-charged-pompa\/\">\n\n\t\t<div class=\"product-name\"><div class=\"p-top\"><\/div>\n\t\t<h3>\u012ekraunama Charged Pompa<\/h3>\n\n\t\t\n\t<span class=\"price\"><span class=\"woocommerce-Price-amount amount\"><bdi>77.77&nbsp;<span class=\"woocommerce-Price-currencySymbol\">&euro;<\/span><\/bdi><\/span> <small class=\"woocommerce-price-suffix\">su PVM<\/small><\/span>\n<\/div>\n\t<\/a>\n\n\t<\/div><\/article>\n<\/div>\n<\/div>\n\n\t\t\t\t\t\t<\/div><!-- .article-loop -->\n\t\t\t\t\t<\/div><!-- .k2t-isotope-wrapper -->\n\t\t\t\t<\/div><!-- .product-velo -->\n\t\t\t<\/div><!-- .k2t-product-shortcode -->\n\t\t<\/div>[\/vc_column][\/vc_row] <span style=\"display:none;\">Lietuvi\u0173<\/span>","protected":false},"excerpt":{"rendered":"<p>[vc_row][vc_column][\/vc_column][\/vc_row] Lietuvi\u0173<\/p>\n","protected":false},"author":1,"featured_media":0,"parent":0,"menu_order":-1,"comment_status":"closed","ping_status":"closed","template":"","meta":{"footnotes":""},"class_list":["post-2695","page","type-page","status-publish","hentry"],"_links":{"self":[{"href":"https:\/\/charged.lt\/lt\/wp-json\/wp\/v2\/pages\/2695","targetHints":{"allow":["GET"]}}],"collection":[{"href":"https:\/\/charged.lt\/lt\/wp-json\/wp\/v2\/pages"}],"about":[{"href":"https:\/\/charged.lt\/lt\/wp-json\/wp\/v2\/types\/page"}],"author":[{"embeddable":true,"href":"https:\/\/charged.lt\/lt\/wp-json\/wp\/v2\/users\/1"}],"replies":[{"embeddable":true,"href":"https:\/\/charged.lt\/lt\/wp-json\/wp\/v2\/comments?post=2695"}],"version-history":[{"count":8,"href":"https:\/\/charged.lt\/lt\/wp-json\/wp\/v2\/pages\/2695\/revisions"}],"predecessor-version":[{"id":3679,"href":"https:\/\/charged.lt\/lt\/wp-json\/wp\/v2\/pages\/2695\/revisions\/3679"}],"wp:attachment":[{"href":"https:\/\/charged.lt\/lt\/wp-json\/wp\/v2\/media?parent=2695"}],"curies":[{"name":"wp","href":"https:\/\/api.w.org\/{rel}","templated":true}]}}