{"id":3873,"date":"2017-10-17T16:58:20","date_gmt":"2017-10-17T13:58:20","guid":{"rendered":"http:\/\/charged.lt\/?page_id=3873"},"modified":"2017-10-18T15:23:26","modified_gmt":"2017-10-18T12:23:26","slug":"cancellations-and-returns","status":"publish","type":"page","link":"https:\/\/charged.lt\/lt\/prekiu-grazinimas-ir-keitimas\/","title":{"rendered":"\u00a0Preki\u0173 gr\u0105\u017einimas ir keitimas:"},"content":{"rendered":"[vc_row][vc_column][vc_column_text]\r\n\r\n<strong>GR\u0104\u017dINIMO\/KEITIMO TAISYKL\u0116S<\/strong>\r\n<p class=\"p1\">D\u0117kojame, kad pasirinkote Charged. Laimingi klientai yra vienas i\u0161 m\u016bs\u0173 komandos tiksl\u0173. Jeigu j\u016bs esate nepatenkintas savo pirkiniu, susipa\u017einkite su m\u016bs\u0173 preki\u0173 gr\u0105\u017einimo\/keitimo taisykl\u0117mis:<\/p>\r\n<p class=\"p1\">\u00a01. Preki\u0173 gr\u0105\u017einimas vyksta vadovaujantis 2001m. bir\u017eelio 29d. Lietuvos Respublikos \u016akio ministro \u012fsakymu Nr. 217 \u201cD\u0117l daikt\u0173 gr\u0105\u017einimo ir keitimo taisykli\u0173 patvirtinimo\u201d. Pinigai u\u017e gr\u0105\u017eintas prekes visais atvejais yra pervedami \u012f mok\u0117tojo banko s\u0105skait\u0105.<\/p>\r\n<p class=\"p1\">2. Remiantis preki\u0173 gr\u0105\u017einimo ir keitimo \u012fstatymo pirmuoju punktu, pirk\u0117jas, nor\u0117damas gr\u0105\u017einti prek\u0119, tai gali padaryti per 14 (keturiolika) darbo dien\u0173 nuo prek\u0117s pristatymo dienos. Apie gr\u0105\u017einim\u0105 pardav\u0117jas privalo b\u016bti informuotas el. pa\u0161tu:\u00a0super@charged.lt. Lai\u0161ke privalo b\u016bti \u012fra\u0161ytas prek\u0117s pavadinimas, u\u017esakymo numeris, pateikta prek\u0117s gr\u0105\u017einimo prie\u017eastis bei prid\u0117ta jos nuotrauka.<\/p>\r\n3. M\u016bs\u0173 darbuotojui nusta\u010dius, kad\u00a0J\u016bs\u0173 atveju garantija galioja, j\u016bs prival\u0117site atsi\u0173sti prek\u0119 atgal \u012f m\u016bs\u0173 servis\u0105. Gr\u0105\u017einimo\/keitimo i\u0161laidas apmoka pirk\u0117jas.\r\n\r\n4. Garantija n\u0117ra taikoma susid\u0117v\u0117ti linkusiems prek\u0117s komponentams: ratams, guoliams, a\u0161ims ir t.t.\r\n<p class=\"p1\">5. Prek\u0117s gr\u0105\u017einimo metu b\u016btina laikytis \u0161i\u0173 s\u0105lyg\u0173:<\/p>\r\n5.1.\u00a0 Gr\u0105\u017einama prek\u0117 turi b\u016bti originalioje pakuot\u0117je;\r\n5.2.\u00a0 Prek\u0117 turi b\u016bti nepa\u017eeista ir nesugadinta;\r\n5.3.\u00a0 Prek\u0117 turi b\u016bti nenaudota, nepraradusi prekin\u0117s i\u0161vaizdos (nepa\u017eeistos etiket\u0117s, nenupl\u0117\u0161tos apsaugin\u0117s pl\u0117vel\u0117s ir kt.). \u0160is punktas yra netaikomas tuo atveju, kai gr\u0105\u017einama nekokybi\u0161ka, brokuota prek\u0117;\r\n5.4.\u00a0 Gr\u0105\u017einama prek\u0117 turi b\u016bti tokios pa\u010dios komplektacijos, kokios buvo pristatymo dien\u0105;\r\n5.5.\u00a0 Gr\u0105\u017einant prek\u0119 b\u016btina pateikti jos \u012fsigijimo dokument\u0105.\r\n<p class=\"p1\">6.\u00a0 Pardav\u0117jas turi teis\u0119 nepriimti pirk\u0117jo gr\u0105\u017einam\u0173 preki\u0173, jei pirk\u0117jas nesilaiko 5. punke nustatyt\u0173 preki\u0173 gr\u0105\u017einimo s\u0105lyg\u0173.<\/p>\r\n<p class=\"p1\">7.\u00a0 Gavus ne t\u0105 prek\u0119, kuri buvo \u012fsigyta ir\/ar gr\u0105\u017einant nekokybi\u0161k\u0105 prek\u0119, pardav\u0117jas \u012fsipareigoja pakeisti prekes ar j\u0173 detales analogi\u0161komis ir tinkamomis.<\/p>\r\n<p class=\"p1\">8.\u00a0 Tuo atveju, kai pardav\u0117jas neturi pakeitimui tinkam\u0173 preki\u0173, pirk\u0117jui yra gr\u0105\u017einama sumok\u0117ta suma (ne\u012fskai\u010diuojant kainos u\u017e pristatym\u0105).<\/p>\r\n[\/vc_column_text][\/vc_column][\/vc_row]","protected":false},"excerpt":{"rendered":"<p>[vc_row][vc_column][vc_column_text] GR\u0104\u017dINIMO\/KEITIMO TAISYKL\u0116S D\u0117kojame, kad pasirinkote Charged. Laimingi klientai yra vienas i\u0161 m\u016bs\u0173 komandos tiksl\u0173. Jeigu j\u016bs esate nepatenkintas savo<\/p>\n","protected":false},"author":258,"featured_media":0,"parent":0,"menu_order":0,"comment_status":"closed","ping_status":"closed","template":"","meta":{"footnotes":""},"class_list":["post-3873","page","type-page","status-publish","hentry"],"_links":{"self":[{"href":"https:\/\/charged.lt\/lt\/wp-json\/wp\/v2\/pages\/3873","targetHints":{"allow":["GET"]}}],"collection":[{"href":"https:\/\/charged.lt\/lt\/wp-json\/wp\/v2\/pages"}],"about":[{"href":"https:\/\/charged.lt\/lt\/wp-json\/wp\/v2\/types\/page"}],"author":[{"embeddable":true,"href":"https:\/\/charged.lt\/lt\/wp-json\/wp\/v2\/users\/258"}],"replies":[{"embeddable":true,"href":"https:\/\/charged.lt\/lt\/wp-json\/wp\/v2\/comments?post=3873"}],"version-history":[{"count":18,"href":"https:\/\/charged.lt\/lt\/wp-json\/wp\/v2\/pages\/3873\/revisions"}],"predecessor-version":[{"id":3911,"href":"https:\/\/charged.lt\/lt\/wp-json\/wp\/v2\/pages\/3873\/revisions\/3911"}],"wp:attachment":[{"href":"https:\/\/charged.lt\/lt\/wp-json\/wp\/v2\/media?parent=3873"}],"curies":[{"name":"wp","href":"https:\/\/api.w.org\/{rel}","templated":true}]}}