{"id":3880,"date":"2017-10-17T17:36:40","date_gmt":"2017-10-17T14:36:40","guid":{"rendered":"http:\/\/charged.lt\/?page_id=3880"},"modified":"2017-10-18T15:49:35","modified_gmt":"2017-10-18T12:49:35","slug":"shipping","status":"publish","type":"page","link":"https:\/\/charged.lt\/lt\/prekiu-pristatymas\/","title":{"rendered":"Preki\u0173 pristatymas"},"content":{"rendered":"[vc_row][vc_column][vc_column_text]\r\n\r\n<strong>PREKI\u0172 PRISTATYMO TAISYKL\u0116S<\/strong>\r\n\r\n1. Pirk\u0117jas apmoka pristatymo i\u0161laidas.\r\n\r\n2. Pirk\u0117jas u\u017esakymo metu \u012fsipareigoja nurodyti tiksli\u0105 preki\u0173 pristatymo viet\u0105.\r\n\r\n3. Kad suma\u017eint\u0173 gr\u0105\u017einim\u0173 d\u0117l broko tikimyb\u0119, pardav\u0117jas, prie\u0161 i\u0161si\u0173sdamas prek\u0119 klientui, atid\u017eiai j\u0105 patikrina ir nufotografuoja.\r\n\r\n4. Prekes pristato pardav\u0117jas arba pardav\u0117jo \u012fgaliotas atstovas (kurjeris).\r\n\r\n5. Lietuvoje pardav\u0117jas prekes \u012fsipareigoja pristatyti per 7\u00a0darbo dienas, nuo apmok\u0117jimo patvirtinimo. \u0160is terminas yra preliminarus, be to, netaikomas tais atvejais, kai pardav\u0117jo sand\u0117lyje n\u0117ra reikiam\u0173 preki\u0173, o pirk\u0117jas buvo apie tai informuotas.\u00a0Apie i\u0161si\u0173st\u0105 prek\u0119 pirk\u0117jas yra informuojamas el. pa\u0161tu.\r\n\r\n6.\u00a0Pirk\u0117jas \u012fsipareigoja pats priimti u\u017esakytas prekes. Tuo atveju, jei prek\u0117s buvo pristatytos nurodytu adresu ir pirk\u0117jas pats negal\u0117jo priimti u\u017esakyt\u0173 preki\u0173, pirk\u0117jas neturi teis\u0117s reik\u0161ti pretenzij\u0173 pardav\u0117jui.\r\n\r\n7. Pirk\u0117jas sutinka, kad, i\u0161imtiniais atvejais, preki\u0173 pristatymas gali v\u0117luoti d\u0117l nenumatyt\u0173, nuo pardav\u0117jo nepriklausan\u010di\u0173 aplinkybi\u0173. Tokiu atveju pardav\u0117jas \u012fsipareigoja nedelsiant susisiekti su pirk\u0117ju ir suderinti preki\u0173 pristatymo s\u0105lygas.\r\n\r\n8. Jeigu prek\u0117s pirk\u0117jui nebuvo pristatytos laiku d\u0117l pirk\u0117jo kalt\u0117s arba d\u0117l nuo pardav\u0117jo nepriklausan\u010di\u0173 aplinkybi\u0173, pardav\u0117jas yra atleid\u017eiamas nuo bet kokios atsakomyb\u0117s.\r\n\r\n9. Visais atvejais pirk\u0117jas privalo nedelsiant informuoti pardav\u0117j\u0105 apie sulamdyt\u0105 siunt\u0105, pa\u017eeist\u0105 pakuot\u0119 arba aptikt\u0105 prek\u0117s defekt\u0105. Taip pat jeigu buvo pristatytos neu\u017esakytos prek\u0117s arba jei j\u0173 kiekis ar komplektacija nebuvo tinkami.\r\n\r\n10. Pristatymo metu pasteb\u0117j\u0119s pakuot\u0117s pa\u017eeidimus, pirk\u0117jas visais atvejais privalo kurjerio pateikiamame siuntos pristatymo dokumente nurodyti pastabas arba sura\u0161yti atskir\u0105 akt\u0105 d\u0117l \u0161i\u0173 pa\u017eeidim\u0173. Tai pirk\u0117jas privalo padaryti dalyvaujant kurjeriui. Neatlikus toki\u0173 veiksm\u0173, pardav\u0117jas yra atleid\u017eiamas nuo atsakomyb\u0117s prie\u0161 pirk\u0117j\u0105 d\u0117l preki\u0173 pa\u017eeidim\u0173, susijusi\u0173 su pakuot\u0117s pa\u017eeidimais.\r\n\r\n[\/vc_column_text][\/vc_column][\/vc_row]","protected":false},"excerpt":{"rendered":"<p>[vc_row][vc_column][vc_column_text] PREKI\u0172 PRISTATYMO TAISYKL\u0116S 1. Pirk\u0117jas apmoka pristatymo i\u0161laidas. 2. Pirk\u0117jas u\u017esakymo metu \u012fsipareigoja nurodyti tiksli\u0105 preki\u0173 pristatymo viet\u0105. 3.<\/p>\n","protected":false},"author":258,"featured_media":0,"parent":0,"menu_order":0,"comment_status":"closed","ping_status":"closed","template":"","meta":{"footnotes":""},"class_list":["post-3880","page","type-page","status-publish","hentry"],"_links":{"self":[{"href":"https:\/\/charged.lt\/lt\/wp-json\/wp\/v2\/pages\/3880","targetHints":{"allow":["GET"]}}],"collection":[{"href":"https:\/\/charged.lt\/lt\/wp-json\/wp\/v2\/pages"}],"about":[{"href":"https:\/\/charged.lt\/lt\/wp-json\/wp\/v2\/types\/page"}],"author":[{"embeddable":true,"href":"https:\/\/charged.lt\/lt\/wp-json\/wp\/v2\/users\/258"}],"replies":[{"embeddable":true,"href":"https:\/\/charged.lt\/lt\/wp-json\/wp\/v2\/comments?post=3880"}],"version-history":[{"count":10,"href":"https:\/\/charged.lt\/lt\/wp-json\/wp\/v2\/pages\/3880\/revisions"}],"predecessor-version":[{"id":3912,"href":"https:\/\/charged.lt\/lt\/wp-json\/wp\/v2\/pages\/3880\/revisions\/3912"}],"wp:attachment":[{"href":"https:\/\/charged.lt\/lt\/wp-json\/wp\/v2\/media?parent=3880"}],"curies":[{"name":"wp","href":"https:\/\/api.w.org\/{rel}","templated":true}]}}