{"id":5,"date":"2015-03-17T07:48:28","date_gmt":"2015-03-17T04:48:28","guid":{"rendered":"http:\/\/demo.sunrisetheme.com\/velo\/\/?page_id=5"},"modified":"2018-05-16T13:40:39","modified_gmt":"2018-05-16T10:40:39","slug":"home-2","status":"publish","type":"page","link":"https:\/\/charged.lt\/lt\/","title":{"rendered":"Prad\u017eia"},"content":{"rendered":"[vc_row][vc_column][rev_slider_vc alias=&#8221;video&#8221;][\/vc_column][\/vc_row][vc_row css=&#8221;.vc_custom_1436280646480{margin-top: 100px !important;margin-bottom: 100px !important;}&#8221;][vc_column]<div class=\"woocommerce columns-3 \">\n\t\t\t\t<div class=\"k2t-product-page\">\n\t\t\t\t\t<div class=\"product-gallery product-velo isotope-fullwidth isotope-3 pf-3col\">\n\t\t\t\t\t\t<div class=\"k2t-isotope-wrapper isotope-3-columns isotope-gallery isotope-velo\">\n\t\t\t\t\t\t\t<div class=\"article-loop k2t-isotope-container\">\n\t\t\t\t\t\t\t\t<div class=\"gutter-sizer\"><\/div>\n\t\t\t<div class=\"products k2t-carousel\"><div class=\"isotope-selector first post-1890 product type-product status-publish has-post-thumbnail hentry product_brand-charged product_cat-bikes\">\n\n\t<article class=\"product-item\"><div class=\"product-thumb\"><a href=\"?add-to-cart=1890\" rel=\"nofollow\" data-product_id=\"1890\" data-product_sku=\"CM\" data-quantity=\"1\" class=\"button add_to_cart_button product_type_simple\">\u012e krep\u0161el\u012f<\/a>\n\t<a href=\"https:\/\/charged.lt\/lt\/produktas\/charged-monster-3000-electric-bike\/\">\n\n\t\t<div class=\"product-name\"><div class=\"p-top\"><\/div>\n\t\t<h3>CHARGED Monster 3kW Elektrinis Motociklas<\/h3>\n\n\t\t\n\t<span class=\"price\"><span class=\"woocommerce-Price-amount amount\"><bdi>6770.00&nbsp;<span class=\"woocommerce-Price-currencySymbol\">&euro;<\/span><\/bdi><\/span> <small class=\"woocommerce-price-suffix\">su PVM<\/small><\/span>\n<\/div>\n\t<\/a>\n\n\t<\/div><\/article>\n<\/div>\n<div class=\"isotope-selector post-2955 product type-product status-publish has-post-thumbnail hentry product_brand-charged product_cat-bikes\">\n\n\t<article class=\"product-item\"><div class=\"product-thumb\"><a href=\"?add-to-cart=2955\" rel=\"nofollow\" data-product_id=\"2955\" data-product_sku=\"CE\" data-quantity=\"1\" class=\"button add_to_cart_button product_type_simple\">\u012e krep\u0161el\u012f<\/a>\n\t<a href=\"https:\/\/charged.lt\/lt\/produktas\/charged-evil-elektrinis-dviratis\/\">\n\n\t\t<div class=\"product-name\"><div class=\"p-top\"><\/div>\n\t\t<h3>CHARGED Evil Elektrinis Dviratis Zbike<\/h3>\n\n\t\t\n\t<span class=\"price\"><span class=\"woocommerce-Price-amount amount\"><bdi>5221.00&nbsp;<span class=\"woocommerce-Price-currencySymbol\">&euro;<\/span><\/bdi><\/span> <small class=\"woocommerce-price-suffix\">su PVM<\/small><\/span>\n<\/div>\n\t<\/a>\n\n\t<\/div><\/article>\n<\/div>\n<div class=\"isotope-selector last post-3202 product type-product status-publish has-post-thumbnail hentry product_brand-charged product_cat-boards\">\n\n\t<article class=\"product-item\"><div class=\"product-thumb\"><a href=\"?add-to-cart=3202\" rel=\"nofollow\" data-product_id=\"3202\" data-product_sku=\"CCL\" data-quantity=\"1\" class=\"button add_to_cart_button product_type_simple\">\u012e krep\u0161el\u012f<\/a>\n\t<a href=\"https:\/\/charged.lt\/lt\/produktas\/charged-3kw-galios-ilgalente-karbonine-versija\/\">\n\n\t\t<div class=\"product-name\"><div class=\"p-top\"><\/div>\n\t\t<h3>CHARGED 3kW Galios Ilgalent\u0117 \u201eKarbonin\u0117 versija\u201c<\/h3>\n\n\t\t\n\t<span class=\"price\"><del><span class=\"woocommerce-Price-amount amount\"><bdi>1007.00&nbsp;<span class=\"woocommerce-Price-currencySymbol\">&euro;<\/span><\/bdi><\/span><\/del> <ins><span class=\"woocommerce-Price-amount amount\"><bdi>707.00&nbsp;<span class=\"woocommerce-Price-currencySymbol\">&euro;<\/span><\/bdi><\/span><\/ins> <small class=\"woocommerce-price-suffix\">su PVM<\/small><\/span>\n<\/div>\n\t<\/a>\n\n\t<\/div><\/article>\n<\/div>\n<div class=\"isotope-selector first post-2729 product type-product status-publish has-post-thumbnail hentry product_brand-charged product_cat-bikes\">\n\n\t<article class=\"product-item\"><div class=\"product-thumb\"><a href=\"https:\/\/charged.lt\/lt\/produktas\/charged-devil-elektrinis-dviratis-karbonine-versija\/\" rel=\"nofollow\" data-product_id=\"2729\" data-product_sku=\"CD\" data-quantity=\"1\" class=\"button add_to_cart_button product_type_variable\">Pasirinkti savybes<\/a>\n\t<a href=\"https:\/\/charged.lt\/lt\/produktas\/charged-devil-elektrinis-dviratis-karbonine-versija\/\">\n\n\t\t<div class=\"product-name\"><div class=\"p-top\"><div class=\"star-rating\" role=\"img\" aria-label=\"\u012evertinimas: 5.00 i\u0161 5\"><span style=\"width:100%\">\u012evertinimas: <strong class=\"rating\">5.00<\/strong> i\u0161 5<\/span><\/div><\/div>\n\t\t<h3>CHARGED Devil Elektrinis dviratis \u201eKarbonin\u0117 versija\u201c Zbike<\/h3>\n\n\t\t\n\t<span class=\"price\"><span class=\"woocommerce-Price-amount amount\"><bdi>8777.77&nbsp;<span class=\"woocommerce-Price-currencySymbol\">&euro;<\/span><\/bdi><\/span> &ndash; <span class=\"woocommerce-Price-amount amount\"><bdi>9777.77&nbsp;<span class=\"woocommerce-Price-currencySymbol\">&euro;<\/span><\/bdi><\/span> <small class=\"woocommerce-price-suffix\">su PVM<\/small><\/span>\n<\/div>\n\t<\/a>\n\n\t<\/div><\/article>\n<\/div>\n<\/div>\n\n\t\t\t\t\t\t<\/div><!-- .article-loop -->\n\t\t\t\t\t<\/div><!-- .k2t-isotope-wrapper -->\n\t\t\t\t<\/div><!-- .product-velo -->\n\t\t\t<\/div><!-- .k2t-product-shortcode -->\n\t\t<\/div>[\/vc_column][\/vc_row][vc_row css=&#8221;.vc_custom_1436771966406{margin-top: 100px !important;margin-bottom: 100px !important;}&#8221;][vc_column][vc_masonry_grid post_type=&#8221;post&#8221; max_items=&#8221;6&#8243; item=&#8221;3769&#8243; grid_id=&#8221;vc_gid:1526409913218-b668ab05-bc4c-1&#8243;][\/vc_column][\/vc_row]","protected":false},"excerpt":{"rendered":"<p>[vc_row][vc_column][rev_slider_vc alias=&#8221;video&#8221;][\/vc_column][\/vc_row][vc_row css=&#8221;.vc_custom_1436280646480{margin-top: 100px !important;margin-bottom: 100px !important;}&#8221;][vc_column][\/vc_column][\/vc_row][vc_row css=&#8221;.vc_custom_1436771966406{margin-top: 100px !important;margin-bottom: 100px !important;}&#8221;][vc_column][vc_masonry_grid post_type=&#8221;post&#8221; max_items=&#8221;6&#8243; item=&#8221;3769&#8243; grid_id=&#8221;vc_gid:1526409913218-b668ab05-bc4c-1&#8243;][\/vc_column][\/vc_row]<\/p>\n","protected":false},"author":1,"featured_media":0,"parent":0,"menu_order":-2,"comment_status":"closed","ping_status":"closed","template":"","meta":{"footnotes":""},"class_list":["post-5","page","type-page","status-publish","hentry"],"_links":{"self":[{"href":"https:\/\/charged.lt\/lt\/wp-json\/wp\/v2\/pages\/5","targetHints":{"allow":["GET"]}}],"collection":[{"href":"https:\/\/charged.lt\/lt\/wp-json\/wp\/v2\/pages"}],"about":[{"href":"https:\/\/charged.lt\/lt\/wp-json\/wp\/v2\/types\/page"}],"author":[{"embeddable":true,"href":"https:\/\/charged.lt\/lt\/wp-json\/wp\/v2\/users\/1"}],"replies":[{"embeddable":true,"href":"https:\/\/charged.lt\/lt\/wp-json\/wp\/v2\/comments?post=5"}],"version-history":[{"count":122,"href":"https:\/\/charged.lt\/lt\/wp-json\/wp\/v2\/pages\/5\/revisions"}],"predecessor-version":[{"id":4126,"href":"https:\/\/charged.lt\/lt\/wp-json\/wp\/v2\/pages\/5\/revisions\/4126"}],"wp:attachment":[{"href":"https:\/\/charged.lt\/lt\/wp-json\/wp\/v2\/media?parent=5"}],"curies":[{"name":"wp","href":"https:\/\/api.w.org\/{rel}","templated":true}]}}