{"id":629,"date":"2015-06-02T13:27:23","date_gmt":"2015-06-02T13:27:23","guid":{"rendered":"http:\/\/demo.sunrisetheme.com\/velo\/\/?page_id=629"},"modified":"2017-10-16T18:14:10","modified_gmt":"2017-10-16T15:14:10","slug":"support","status":"publish","type":"page","link":"https:\/\/charged.lt\/lt\/pagalba\/","title":{"rendered":"Pagalba"},"content":{"rendered":"[vc_row full_width=&#8221;stretch_row_content_no_spaces&#8221; session_layout=&#8221;no_wrap&#8221; background_setting=&#8221;bg_image&#8221; dark_background_style=&#8221;true&#8221; background_img_position=&#8221;center top&#8221; scrolldown=&#8221;true&#8221; background_img=&#8221;1571&#8243; background_gen_mask_layer_opacity=&#8221;0.3&#8243; background_gen_mask_layer_color=&#8221;#000000&#8243; class=&#8221;contact-banner no-margin&#8221;][vc_column dark_background_style=&#8221;true&#8221;][vc_custom_heading text=&#8221;Susisiekti su UAB &#8222;CHARGED.LT&#8222;&#8221; font_container=&#8221;tag:h2|font_size:60px|text_align:center&#8221; google_fonts=&#8221;font_family:Montserrat%3Aregular%2C700|font_style:700%20bold%20regular%3A700%3Anormal&#8221; css=&#8221;.vc_custom_1504466485099{margin-top: 145px !important;margin-bottom: 35px !important;}&#8221;][vc_column_text css=&#8221;.vc_custom_1504466819503{margin-bottom: 400px !important;}&#8221;]\r\n<p style=\"text-align: center; color: white;\"><em>UAB \u201cCHARGED.LT\u201d<\/em>\r\n<em>\u012emon\u0117s kodas: 304654865\u00a0<\/em><em>PVM kodas: LT100011183113<\/em><\/p>\r\n<p style=\"text-align: center; color: white;\"><em>T. Masiulio g. 21B, \u00a0Kaunas 52436, Lietuva.<\/em>\r\n<em>Telefonas: +370 670 70007<\/em>\r\n<em>El. pa\u0161tas: super@charged.lt<\/em><\/p>\r\n[\/vc_column_text][\/vc_column][\/vc_row][vc_row full_width=&#8221;stretch_row_content_no_spaces&#8221; session_layout=&#8221;no_wrap&#8221; class=&#8221;no-margin contact-map&#8221; background_gen_color=&#8221;#ffffff&#8221;][vc_column width=&#8221;1\/2&#8243; class=&#8221;no-padding&#8221;][vc_column_text]<div class=\"\" id=\"k2t_map_974861516\" style=\"width:100%;height:700px;\"><\/div><script>\r\n\t\t(function($) {\r\n\t\t\"use strict\";\r\n\t\t$(document).ready(function() {\r\n\t\tvar latlng = new google.maps.LatLng(0, 0);\r\n\t\tvar myOptions = {\r\n\t\t\tzoom: 13,\r\n\t\t\tcenter: latlng,\r\n\t\t\tmapTypeId: google.maps.MapTypeId.ROADMAP,scrollwheel: false,styles: [{\"featureType\": \"landscape\",\"stylers\": [{\"saturation\": -100},{\"lightness\": 65},{\"visibility\": \"on\"}]},\r\n\t\t\t\t\t{\"featureType\": \"poi\",\"stylers\": [{\"saturation\": -100},{\"lightness\": 51},{\"visibility\": \"simplified\"}]},\r\n\t\t\t\t\t{\"featureType\": \"road.highway\",\"stylers\": [{\"saturation\": -100},{\"visibility\": \"simplified\"}]},\r\n\t\t\t\t\t{\"featureType\": \"road.arterial\",\"stylers\": [{\"saturation\": -100},{\"lightness\": 30},{\"visibility\": \"on\"}]},\r\n\t\t\t\t\t{\"featureType\": \"road.local\",\"stylers\": [{\"saturation\": -100},{\"lightness\": 40},{\"visibility\": \"on\"}]},\r\n\t\t\t\t\t{\"featureType\": \"transit\",\"stylers\": [{\"saturation\": -100},{\"visibility\": \"simplified\"}]},\r\n\t\t\t\t\t{\"featureType\": \"administrative.province\",\"stylers\": [{\"visibility\": \"off\"}]},\r\n\t\t\t\t\t{\"featureType\": \"water\",\"elementType\": \"labels\",\"stylers\": [{\"visibility\": \"on\"},{\"lightness\": -25},{\"saturation\": -100}]},\r\n\t\t\t\t\t{\"featureType\": \"water\",\"elementType\": \"geometry\",\"stylers\": [{\"hue\": \"#ffff00\"},{\"lightness\": -25},{\"saturation\": -97}]\r\n\t\t\t\t}]};\r\n\t\tvar map_974861516 = new google.maps.Map(document.getElementById(\"k2t_map_974861516\"), myOptions);var geocoder_map_974861516 = new google.maps.Geocoder();\r\n\t\t\tvar address = 'T. Masiulio st. 21B, Kaunas';\r\n\t\t\tgeocoder_map_974861516.geocode( { 'address': address}, function(results, status) {\r\n\t\t\t\tif (status == google.maps.GeocoderStatus.OK) {\r\n\t\t\t\t\tmap_974861516.setCenter(results[0].geometry.location);var image = \"\";\r\n\t\t\t\t\t\tvar marker = new google.maps.Marker({\r\n\t\t\t\t\t\t\tmap: map_974861516,\r\n\t\t\t\t\t\t\ticon: image,position: map_974861516.getCenter()});} else {\r\n\t\t\t\talert(\"Geocode was not successful for the following reason: \" + status);\r\n\t\t\t}\r\n\t\t\t});\r\n\t\t\t});})(jQuery);<\/script>[\/vc_column_text][\/vc_column][vc_column width=&#8221;1\/2&#8243; css=&#8221;.vc_custom_1437193212752{padding-top: 100px !important;padding-right: 100px !important;padding-left: 100px !important;}&#8221;]<div  class=\"k2t-heading align-left no-border no-subtitle underline h2 three_dotted\"><div class=\"k2t-heading-inner\"><div class=\"text\"><h2 class=\"h\"><span>Palikite \u017einut\u0119<\/span><\/h2><\/div><\/div><\/div>[vc_column_text]Pra\u0161ome nesikuklinti ir susisiekti su mumis d\u0117l i\u0161samesn\u0117s informacijos[\/vc_column_text]<div role=\"form\" class=\"wpcf7\" id=\"wpcf7-f4-o1\" lang=\"en-US\" dir=\"ltr\">\n<div class=\"screen-reader-response\"><p role=\"status\" aria-live=\"polite\" aria-atomic=\"true\"><\/p> <ul><\/ul><\/div>\n<form action=\"\/lt\/wp-json\/wp\/v2\/pages\/629#wpcf7-f4-o1\" method=\"post\" class=\"wpcf7-form init\" novalidate=\"novalidate\" data-status=\"init\">\n<div style=\"display: none;\">\n<input type=\"hidden\" name=\"_wpcf7\" value=\"4\" \/>\n<input type=\"hidden\" name=\"_wpcf7_version\" value=\"5.3.2\" \/>\n<input type=\"hidden\" name=\"_wpcf7_locale\" value=\"en_US\" \/>\n<input type=\"hidden\" name=\"_wpcf7_unit_tag\" value=\"wpcf7-f4-o1\" \/>\n<input type=\"hidden\" name=\"_wpcf7_container_post\" value=\"0\" \/>\n<input type=\"hidden\" name=\"_wpcf7_posted_data_hash\" value=\"\" \/>\n<\/div>\n<p class=\"half-col\"><span class=\"wpcf7-form-control-wrap your-name\"><input type=\"text\" name=\"your-name\" value=\"\" size=\"40\" class=\"wpcf7-form-control wpcf7-text wpcf7-validates-as-required\" aria-required=\"true\" aria-invalid=\"false\" placeholder=\"J\u016bs\u0173 vardas *\" \/><\/span><i class=\"icon-user\"><\/i><\/p>\n<p class=\"half-col\"><span class=\"wpcf7-form-control-wrap email\"><input type=\"email\" name=\"email\" value=\"\" size=\"40\" class=\"wpcf7-form-control wpcf7-text wpcf7-email wpcf7-validates-as-required wpcf7-validates-as-email\" aria-required=\"true\" aria-invalid=\"false\" placeholder=\"J\u016bs\u0173 el. pa\u0161to adresas *\" \/><\/span><i class=\"icon-envelope\"><\/i>\n<p><span class=\"wpcf7-form-control-wrap message\"><textarea name=\"message\" cols=\"40\" rows=\"10\" class=\"wpcf7-form-control wpcf7-textarea wpcf7-validates-as-required\" aria-required=\"true\" aria-invalid=\"false\" placeholder=\"J\u016bs\u0173 \u017einut\u0117 *\"><\/textarea><\/span><i class=\"icon-screen-smartphone\"><\/i><\/p>\n<p style=\"text-align:center; margin-top: 30px\"><input type=\"submit\" value=\"Si\u0173sti\" class=\"wpcf7-form-control wpcf7-submit\" \/><\/p>\n<input type='hidden' class='wpcf7-pum' value='{\"closepopup\":false,\"closedelay\":0,\"openpopup\":false,\"openpopup_id\":0}' \/><div class=\"wpcf7-response-output\" aria-hidden=\"true\"><\/div><\/form><\/div>[\/vc_column][\/vc_row]","protected":false},"excerpt":{"rendered":"<p>[vc_row full_width=&#8221;stretch_row_content_no_spaces&#8221; session_layout=&#8221;no_wrap&#8221; background_setting=&#8221;bg_image&#8221; dark_background_style=&#8221;true&#8221; background_img_position=&#8221;center top&#8221; scrolldown=&#8221;true&#8221; background_img=&#8221;1571&#8243; background_gen_mask_layer_opacity=&#8221;0.3&#8243; background_gen_mask_layer_color=&#8221;#000000&#8243; class=&#8221;contact-banner no-margin&#8221;][vc_column dark_background_style=&#8221;true&#8221;][vc_custom_heading text=&#8221;Susisiekti su UAB &#8222;CHARGED.LT&#8222;&#8221; font_container=&#8221;tag:h2|font_size:60px|text_align:center&#8221; google_fonts=&#8221;font_family:Montserrat%3Aregular%2C700|font_style:700%20bold%20regular%3A700%3Anormal&#8221;<\/p>\n","protected":false},"author":1,"featured_media":0,"parent":0,"menu_order":-1,"comment_status":"closed","ping_status":"closed","template":"","meta":{"footnotes":""},"class_list":["post-629","page","type-page","status-publish","hentry"],"_links":{"self":[{"href":"https:\/\/charged.lt\/lt\/wp-json\/wp\/v2\/pages\/629","targetHints":{"allow":["GET"]}}],"collection":[{"href":"https:\/\/charged.lt\/lt\/wp-json\/wp\/v2\/pages"}],"about":[{"href":"https:\/\/charged.lt\/lt\/wp-json\/wp\/v2\/types\/page"}],"author":[{"embeddable":true,"href":"https:\/\/charged.lt\/lt\/wp-json\/wp\/v2\/users\/1"}],"replies":[{"embeddable":true,"href":"https:\/\/charged.lt\/lt\/wp-json\/wp\/v2\/comments?post=629"}],"version-history":[{"count":51,"href":"https:\/\/charged.lt\/lt\/wp-json\/wp\/v2\/pages\/629\/revisions"}],"predecessor-version":[{"id":3634,"href":"https:\/\/charged.lt\/lt\/wp-json\/wp\/v2\/pages\/629\/revisions\/3634"}],"wp:attachment":[{"href":"https:\/\/charged.lt\/lt\/wp-json\/wp\/v2\/media?parent=629"}],"curies":[{"name":"wp","href":"https:\/\/api.w.org\/{rel}","templated":true}]}}