{"id":1890,"date":"2015-07-23T07:57:18","date_gmt":"2015-07-23T04:57:18","guid":{"rendered":"http:\/\/demo.sunrisetheme.com\/velo\/product\/white-cs\/"},"modified":"2026-03-27T06:41:19","modified_gmt":"2026-03-27T03:41:19","slug":"charged-monster-3000w","status":"publish","type":"product","link":"https:\/\/charged.lt\/lt\/produktas\/charged-monster-3000-electric-bike\/","title":{"rendered":"CHARGED Monster 3kW Elektrinis Motociklas"},"content":{"rendered":"[vc_row][vc_column][vc_column_text]<img loading=\"lazy\" decoding=\"async\" class=\"aligncenter wp-image-2970 size-large\" src=\"http:\/\/charged.lt\/wp-content\/uploads\/2015\/07\/charged-logo-title-1024x174.png\" alt=\"\" width=\"1024\" height=\"174\" srcset=\"https:\/\/charged.lt\/wp-content\/uploads\/2015\/07\/charged-logo-title-1024x174.png 1024w, https:\/\/charged.lt\/wp-content\/uploads\/2015\/07\/charged-logo-title-600x102.png 600w, https:\/\/charged.lt\/wp-content\/uploads\/2015\/07\/charged-logo-title-300x51.png 300w, https:\/\/charged.lt\/wp-content\/uploads\/2015\/07\/charged-logo-title-768x130.png 768w, https:\/\/charged.lt\/wp-content\/uploads\/2015\/07\/charged-logo-title-500x85.png 500w, https:\/\/charged.lt\/wp-content\/uploads\/2015\/07\/charged-logo-title.png 1748w\" sizes=\"auto, (max-width: 1024px) 100vw, 1024px\" \/>\r\n\r\n<img loading=\"lazy\" decoding=\"async\" class=\"alignnone wp-image-7177 size-full\" src=\"http:\/\/charged.lt\/wp-content\/uploads\/2015\/07\/Charded_Monster_grey_1.jpg\" alt=\"\" width=\"1800\" height=\"1124\" srcset=\"https:\/\/charged.lt\/wp-content\/uploads\/2015\/07\/Charded_Monster_grey_1.jpg 1800w, https:\/\/charged.lt\/wp-content\/uploads\/2015\/07\/Charded_Monster_grey_1-300x187.jpg 300w, https:\/\/charged.lt\/wp-content\/uploads\/2015\/07\/Charded_Monster_grey_1-768x480.jpg 768w, https:\/\/charged.lt\/wp-content\/uploads\/2015\/07\/Charded_Monster_grey_1-1024x639.jpg 1024w, https:\/\/charged.lt\/wp-content\/uploads\/2015\/07\/Charded_Monster_grey_1-500x312.jpg 500w, https:\/\/charged.lt\/wp-content\/uploads\/2015\/07\/Charded_Monster_grey_1-600x375.jpg 600w\" sizes=\"auto, (max-width: 1800px) 100vw, 1800px\" \/>\r\n\r\nCharged Monster elektriniai motociklai yra sukurti tiems, kurie neturi baim\u0117s jausmo. Maksimali\u0173 parametr\u0173 \u012fdiegimas leido motociklui suteikti dr\u0105s\u0173 ir jo specifikacijas atitinkant\u012f pavadinim\u0105 &#8211; Monster.\r\n\r\nCharged Monster turi aliuminio lydinio r\u0117m\u0105, 60V 3000W varikl\u012f ir r\u0117me pasl\u0117pt\u0105 60V 1.8kWh Li-ion baterij\u0105. \u0160ios savyb\u0117s leid\u017eia lengvai manevruoti ir velni\u0161ku grei\u010diu jud\u0117ti tolyn.\r\n\r\nPilnai \u012fkrautas Charged Monster motociklas gali i\u0161vystyti 60 km\/h greit\u012f ir \u012fveikti 200 km distancij\u0105.\r\n\r\n<div class=\"k2t-pullquote style-1 align-center\"><blockquote><cite><span>I\u0161laisvinkite savo vidinius monstrus su Charged Monster!<\/span><\/cite><\/blockquote><\/div>[\/vc_column_text][\/vc_column][\/vc_row][vc_row][vc_column width=&#8221;1\/4&#8243; css=&#8221;.vc_custom_1502054090979{padding-right: 5px !important;padding-left: 5px !important;}&#8221;][vc_column_text]<div class=\"k2t-counter icon-top animated\" style=\"border-width: 1px;border-color: #000000;border-style: dashed;padding: 20px\" data-delay=\"0\"  data-animation=\"flipInX\" data-animation-delay=\"\"><div class=\"counter-inner\" ><div class=\"counter-number\"><div class=\"counter-text\"><span style=\"font-size: 20px\" class=\"title\">Max greitis (km\/h)<\/span><div class=\"desc\"><\/div><\/div><h2 style=\"color: #dd3333\" class=\"number\" data-from=\"0\" data-to=\"60\" data-speed=\"1000\" data-delayrefresh-interval=\"10\">0<\/h2><\/div><\/div><\/div>[\/vc_column_text][\/vc_column][vc_column width=&#8221;1\/4&#8243; css=&#8221;.vc_custom_1502054096544{padding-right: 5px !important;padding-left: 5px !important;}&#8221;][vc_column_text]<div class=\"k2t-counter icon-top animated\" style=\"border-width: 1px;border-color: #000000;border-style: dashed;padding: 20px\" data-delay=\"0\"  data-animation=\"flipInX\" data-animation-delay=\"\"><div class=\"counter-inner\" ><div class=\"counter-number\"><div class=\"counter-text\"><span style=\"font-size: 20px\" class=\"title\">Max atstumas (km)<\/span><div class=\"desc\"><\/div><\/div><h2 style=\"color: #dd3333\" class=\"number\" data-from=\"0\" data-to=\"200\" data-speed=\"1000\" data-delayrefresh-interval=\"10\">0<\/h2><\/div><\/div><\/div>[\/vc_column_text][\/vc_column][vc_column width=&#8221;1\/4&#8243; css=&#8221;.vc_custom_1502054101430{padding-right: 5px !important;padding-left: 5px !important;}&#8221;][vc_column_text]<div class=\"k2t-counter icon-top animated\" style=\"border-width: 1px;border-color: #000000;border-style: dashed;padding: 20px\" data-delay=\"0\"  data-animation=\"flipInX\" data-animation-delay=\"\"><div class=\"counter-inner\" ><div class=\"counter-number\"><div class=\"counter-text\"><span style=\"font-size: 20px\" class=\"title\">Max galia (W)<\/span><div class=\"desc\"><\/div><\/div><h2 style=\"color: #dd3333\" class=\"number\" data-from=\"0\" data-to=\"10000\" data-speed=\"1000\" data-delayrefresh-interval=\"10\">0<\/h2><\/div><\/div><\/div>[\/vc_column_text][\/vc_column][vc_column width=&#8221;1\/4&#8243; css=&#8221;.vc_custom_1502054106950{padding-right: 5px !important;padding-left: 5px !important;}&#8221;][vc_column_text]<div class=\"k2t-counter icon-top animated\" style=\"border-width: 1px;border-color: #000000;border-style: dashed;padding: 20px\" data-delay=\"0\"  data-animation=\"flipInX\" data-animation-delay=\"\"><div class=\"counter-inner\" ><div class=\"counter-number\"><div class=\"counter-text\"><span style=\"font-size: 20px\" class=\"title\">Min kaina (Eur)<\/span><div class=\"desc\"><\/div><\/div><h2 style=\"color: #dd3333\" class=\"number\" data-from=\"0\" data-to=\"5500\" data-speed=\"1000\" data-delayrefresh-interval=\"10\">0<\/h2><\/div><\/div><\/div>[\/vc_column_text][\/vc_column][\/vc_row][vc_row][vc_column][vc_column_text]<div  class=\"k2t-heading align-left has-border no-subtitle underline h2 short_line\"><div class=\"k2t-heading-inner\"><div class=\"text\"><h2 class=\"h\"><span><\/span><\/h2><div class=\"has-boder-style\"><span><\/span><\/div><\/div><\/div><\/div>\r\n\r\n<div  class=\"k2t-progress striped\" data-speed=\"1000\" data-easing=\"easeOutExpo\"><div class=\"text\" style=\"color: #000000\">MAX \u012eMANOMAS ATSTUMAS:<\/div><div class=\"progress-background\" style=\"background-color: #FFFFFF\"><div class=\"percent\"  style=\"margin-left: 100%\"><i class=\"icon awesome-map-marker\"><\/i>100%<\/div><div class=\"bar-outer\"><div class=\"bar\" style=\"background-color: #000000;width: 100%\"><\/div><\/div><\/div><\/div>\r\n*Jei va\u017eiuosite 25 km\/h grei\u010diu ir grei\u010diau, \u012fveiksite 200 km atstum\u0105.\r\n<div  class=\"k2t-progress striped\" data-speed=\"1000\" data-easing=\"easeOutExpo\"><div class=\"text\" style=\"color: #000000\">PUS\u0116 \u012eMANOMO ATSTUMO::<\/div><div class=\"progress-background\" style=\"background-color: #FFFFFF\"><div class=\"percent\"  style=\"margin-left: 50%\"><i class=\"icon awesome-map-marker\"><\/i>50%<\/div><div class=\"bar-outer\"><div class=\"bar\" style=\"background-color: #000000;width: 50%\"><\/div><\/div><\/div><\/div>\r\n*Jei va\u017eiuosite 35 km\/h grei\u010diu ir grei\u010diau, \u012fveiksite 100 km atstum\u0105.\r\n<div  class=\"k2t-progress striped\" data-speed=\"1000\" data-easing=\"easeOutExpo\"><div class=\"text\" style=\"color: #000000\">KETVIRTIS \u012eMANOMO ATSTUMO:<\/div><div class=\"progress-background\" style=\"background-color: #FFFFFF\"><div class=\"percent\"  style=\"margin-left: 25%\"><i class=\"icon awesome-map-marker\"><\/i>25%<\/div><div class=\"bar-outer\"><div class=\"bar\" style=\"background-color: red;width: 25%\"><\/div><\/div><\/div><\/div>\r\n*Jei va\u017eiuosite 50 km\/h grei\u010diu ir grei\u010diau, \u012fveiksite 50 km.\r\n\r\n[\/vc_column_text][\/vc_column][\/vc_row][vc_row][vc_column width=&#8221;1\/2&#8243;][vc_single_image image=&#8221;7184&#8243; img_size=&#8221;large&#8221;][\/vc_column][vc_column width=&#8221;1\/2&#8243;][vc_single_image image=&#8221;7178&#8243; img_size=&#8221;large&#8221;][\/vc_column][\/vc_row][vc_row][vc_column width=&#8221;1\/4&#8243;][\/vc_column][vc_column width=&#8221;1\/4&#8243;][\/vc_column][vc_column width=&#8221;1\/4&#8243;][\/vc_column][vc_column width=&#8221;1\/4&#8243;][\/vc_column][\/vc_row]","protected":false},"excerpt":{"rendered":"<p>Kiekviename m\u016bs\u0173 t\u016bno slapti monstrai. Jie trok\u0161ta grei\u010dio, d\u0117mesio ir visu grei\u010diu leistis pirmyn \u012f gyvenimo nuotykius. Charged Monster elektrinis motociklas pad\u0117s i\u0161laisvinti miegan\u010dius vidinius demonus. Lengvi ir stilingi elektrininiai motociklai yra surinkti, suderinti ir suprogramuoti Lietuvoje. Detalios dvira\u010di\u0173 charakteristikos pateiktos \u017eemiau.<\/p>\n","protected":false},"featured_media":7181,"comment_status":"open","ping_status":"closed","template":"","meta":[],"class_list":["post-1890","product","type-product","status-publish","has-post-thumbnail","hentry","product_brand-charged","product_cat-bikes"],"_links":{"self":[{"href":"https:\/\/charged.lt\/lt\/wp-json\/wp\/v2\/product\/1890","targetHints":{"allow":["GET"]}}],"collection":[{"href":"https:\/\/charged.lt\/lt\/wp-json\/wp\/v2\/product"}],"about":[{"href":"https:\/\/charged.lt\/lt\/wp-json\/wp\/v2\/types\/product"}],"replies":[{"embeddable":true,"href":"https:\/\/charged.lt\/lt\/wp-json\/wp\/v2\/comments?post=1890"}],"wp:featuredmedia":[{"embeddable":true,"href":"https:\/\/charged.lt\/lt\/wp-json\/wp\/v2\/media\/7181"}],"wp:attachment":[{"href":"https:\/\/charged.lt\/lt\/wp-json\/wp\/v2\/media?parent=1890"}],"curies":[{"name":"wp","href":"https:\/\/api.w.org\/{rel}","templated":true}]}}