{"id":3292,"date":"2017-09-03T21:21:51","date_gmt":"2017-09-03T21:21:51","guid":{"rendered":"http:\/\/charged.lt\/?post_type=product&#038;p=3292"},"modified":"2017-10-22T14:18:00","modified_gmt":"2017-10-22T11:18:00","slug":"rechargeable-charged-pump","status":"publish","type":"product","link":"https:\/\/charged.lt\/lt\/produktas\/ikraunama-charged-pompa\/","title":{"rendered":"\u012ekraunama Charged Pompa"},"content":{"rendered":"[vc_row][vc_column][vc_row_inner][vc_column_inner width=&#8221;1\/2&#8243; css=&#8221;.vc_custom_1504435140001{margin-top: 0px !important;margin-right: 5px !important;margin-bottom: 0px !important;margin-left: 5px !important;padding-top: 0px !important;padding-right: 5px !important;padding-bottom: 0px !important;padding-left: 5px !important;}&#8221;][vc_column_text]<strong><span class=\"text-50\" style=\"color: #000000;\">Baterija valdoma oro pompa<\/span><\/strong>\r\n\r\n&nbsp;\r\n\r\n&nbsp;\r\n\r\n<span class=\"text-35\">\u012ekraunama bei itin lengva skaitmenin\u0117 oro pompa<\/span>\r\n\r\n<span class=\"text-20\">greitai,\u00a0vos vienu mygtuko spustel\u0117jimu, pripu\u010dia objektus\r\n<\/span><span class=\"text-20\">keletas skirting\u0173 antgali\u0173 oro p\u016btimui\r\n<\/span><span class=\"text-20\">gali prip\u016bsti dvira\u010dio, motociklo, automobilio padangas, balionus, kamuolius, pripu\u010diamus \u017eaislus ir t.t.<\/span>[\/vc_column_text][\/vc_column_inner][vc_column_inner width=&#8221;1\/2&#8243; css=&#8221;.vc_custom_1504435145671{margin-top: 0px !important;margin-right: 5px !important;margin-bottom: 0px !important;margin-left: 5px !important;padding-top: 0px !important;padding-right: 5px !important;padding-bottom: 0px !important;padding-left: 5px !important;}&#8221;][vc_single_image image=&#8221;3337&#8243; img_size=&#8221;large&#8221; alignment=&#8221;center&#8221;][\/vc_column_inner][\/vc_row_inner][vc_row_inner][vc_column_inner width=&#8221;1\/4&#8243; css=&#8221;.vc_custom_1504038440418{margin-top: 0px !important;margin-right: 0px !important;margin-bottom: 0px !important;margin-left: 0px !important;padding-top: 0px !important;padding-right: 0px !important;padding-bottom: 0px !important;padding-left: 0px !important;}&#8221;][vc_single_image image=&#8221;3295&#8243; img_size=&#8221;large&#8221; alignment=&#8221;center&#8221;][\/vc_column_inner][vc_column_inner width=&#8221;1\/4&#8243; css=&#8221;.vc_custom_1504038460882{margin-top: 0px !important;margin-right: 0px !important;margin-bottom: 0px !important;margin-left: 0px !important;padding-top: 0px !important;padding-right: 0px !important;padding-bottom: 0px !important;padding-left: 0px !important;}&#8221;][vc_single_image image=&#8221;3301&#8243; img_size=&#8221;large&#8221; alignment=&#8221;center&#8221;][\/vc_column_inner][vc_column_inner width=&#8221;1\/4&#8243; css=&#8221;.vc_custom_1504038475912{margin-top: 0px !important;margin-right: 0px !important;margin-bottom: 0px !important;margin-left: 0px !important;padding-top: 0px !important;padding-right: 0px !important;padding-bottom: 0px !important;padding-left: 0px !important;}&#8221;][vc_single_image image=&#8221;3294&#8243; img_size=&#8221;large&#8221; alignment=&#8221;center&#8221;][\/vc_column_inner][vc_column_inner width=&#8221;1\/4&#8243; css=&#8221;.vc_custom_1504038492394{margin-top: 0px !important;margin-right: 0px !important;margin-bottom: 0px !important;margin-left: 0px !important;padding-top: 0px !important;padding-right: 0px !important;padding-bottom: 0px !important;padding-left: 0px !important;}&#8221;][vc_single_image image=&#8221;3299&#8243; img_size=&#8221;large&#8221; alignment=&#8221;center&#8221;][\/vc_column_inner][\/vc_row_inner][vc_row_inner][vc_column_inner width=&#8221;1\/2&#8243; css=&#8221;.vc_custom_1504435114205{margin-top: 0px !important;margin-right: 5px !important;margin-bottom: 0px !important;margin-left: 5px !important;padding-top: 0px !important;padding-right: 5px !important;padding-bottom: 0px !important;padding-left: 5px !important;}&#8221;][vc_single_image image=&#8221;3301&#8243; img_size=&#8221;large&#8221; alignment=&#8221;center&#8221;][\/vc_column_inner][vc_column_inner width=&#8221;1\/2&#8243; css=&#8221;.vc_custom_1504435120831{margin-top: 0px !important;margin-right: 5px !important;margin-bottom: 0px !important;margin-left: 5px !important;padding-top: 0px !important;padding-right: 5px !important;padding-bottom: 0px !important;padding-left: 5px !important;}&#8221;][vc_column_text]<strong><span class=\"text-50\" style=\"color: #000000;\">I\u0161ankstiniai oro\u00a0prip\u016btimo pasirinkimai<\/span><\/strong>\r\n\r\n&nbsp;\r\n\r\n&nbsp;\r\n\r\n<span class=\"text-35\">Numatytojo sl\u0117gio funkcija<\/span>\r\n\r\n<span class=\"text-20\">pasiekus i\u0161 anksto nustatyt\u0105 sl\u0117gio lyg\u012f, pompa automati\u0161kai i\u0161sijungia\r\n<\/span><span class=\"text-20\">skaitmeninis m\u0117lynas LCD ekranas\r\n<\/span><span class=\"text-20\">naktin\u0117 LED lemput\u0117<\/span>[\/vc_column_text][\/vc_column_inner][\/vc_row_inner][vc_row_inner][vc_column_inner width=&#8221;1\/2&#8243; css=&#8221;.vc_custom_1504435114205{margin-top: 0px !important;margin-right: 5px !important;margin-bottom: 0px !important;margin-left: 5px !important;padding-top: 0px !important;padding-right: 5px !important;padding-bottom: 0px !important;padding-left: 5px !important;}&#8221;][vc_column_text]<strong><span class=\"text-50\" style=\"color: #000000;\">Did\u017eiausias sl\u0117gis \u2013 130 p.s.i.<\/span><\/strong>\r\n\r\n&nbsp;\r\n\r\n&nbsp;\r\n\r\n<span class=\"text-35\">Sl\u0117gio vienetai: p.s.i., kPa, bar, kg\/cm2<\/span>\r\n\r\n<span class=\"text-20\">Nors \u0161i pompa turi integruot\u0105 li\u010dio jon\u0173 baterij\u0105 ir yra metalin\u0117, ji neu\u017eima daug vietos ir j\u0105 lengva ne\u0161tis su savimi<\/span>[\/vc_column_text][\/vc_column_inner][vc_column_inner width=&#8221;1\/2&#8243; css=&#8221;.vc_custom_1504435120831{margin-top: 0px !important;margin-right: 5px !important;margin-bottom: 0px !important;margin-left: 5px !important;padding-top: 0px !important;padding-right: 5px !important;padding-bottom: 0px !important;padding-left: 5px !important;}&#8221;][vc_single_image image=&#8221;3294&#8243; img_size=&#8221;large&#8221; alignment=&#8221;center&#8221;][\/vc_column_inner][\/vc_row_inner][vc_row_inner][vc_column_inner width=&#8221;1\/2&#8243; css=&#8221;.vc_custom_1504435114205{margin-top: 0px !important;margin-right: 5px !important;margin-bottom: 0px !important;margin-left: 5px !important;padding-top: 0px !important;padding-right: 5px !important;padding-bottom: 0px !important;padding-left: 5px !important;}&#8221;][vc_single_image image=&#8221;3330&#8243; img_size=&#8221;large&#8221; alignment=&#8221;center&#8221;][\/vc_column_inner][vc_column_inner width=&#8221;1\/2&#8243; css=&#8221;.vc_custom_1504435120831{margin-top: 0px !important;margin-right: 5px !important;margin-bottom: 0px !important;margin-left: 5px !important;padding-top: 0px !important;padding-right: 5px !important;padding-bottom: 0px !important;padding-left: 5px !important;}&#8221;][vc_single_image image=&#8221;3332&#8243; img_size=&#8221;large&#8221; alignment=&#8221;center&#8221;][\/vc_column_inner][\/vc_row_inner][vc_row_inner][vc_column_inner width=&#8221;1\/4&#8243; css=&#8221;.vc_custom_1504038492394{margin-top: 0px !important;margin-right: 0px !important;margin-bottom: 0px !important;margin-left: 0px !important;padding-top: 0px !important;padding-right: 0px !important;padding-bottom: 0px !important;padding-left: 0px !important;}&#8221;][vc_single_image image=&#8221;3336&#8243; img_size=&#8221;large&#8221; alignment=&#8221;center&#8221;][\/vc_column_inner][vc_column_inner width=&#8221;1\/4&#8243; css=&#8221;.vc_custom_1504038475912{margin-top: 0px !important;margin-right: 0px !important;margin-bottom: 0px !important;margin-left: 0px !important;padding-top: 0px !important;padding-right: 0px !important;padding-bottom: 0px !important;padding-left: 0px !important;}&#8221;][vc_single_image image=&#8221;3335&#8243; img_size=&#8221;large&#8221; alignment=&#8221;center&#8221;][\/vc_column_inner][vc_column_inner width=&#8221;1\/4&#8243; css=&#8221;.vc_custom_1504038460882{margin-top: 0px !important;margin-right: 0px !important;margin-bottom: 0px !important;margin-left: 0px !important;padding-top: 0px !important;padding-right: 0px !important;padding-bottom: 0px !important;padding-left: 0px !important;}&#8221;][vc_single_image image=&#8221;3334&#8243; img_size=&#8221;large&#8221; alignment=&#8221;center&#8221;][\/vc_column_inner][vc_column_inner width=&#8221;1\/4&#8243; css=&#8221;.vc_custom_1504038440418{margin-top: 0px !important;margin-right: 0px !important;margin-bottom: 0px !important;margin-left: 0px !important;padding-top: 0px !important;padding-right: 0px !important;padding-bottom: 0px !important;padding-left: 0px !important;}&#8221;][vc_single_image image=&#8221;3333&#8243; img_size=&#8221;large&#8221; alignment=&#8221;center&#8221;][\/vc_column_inner][\/vc_row_inner][\/vc_column][vc_column][\/vc_column][\/vc_row]","protected":false},"excerpt":{"rendered":"<p>\u012ekraunama Charged pompa yra nepaprastai lengvas ir galingas baterijomis valdomas oro p\u016btiklis. \u0160ios pompos generuojamo sl\u0117gio u\u017eteks prip\u016bsti ne tik dvira\u010dio, bet ir motociklo, motorolerio ar automobilio padangas! Skirtingiems objektams i\u0161 anksto galima nustatyti skirtingus oro sl\u0117gio re\u017eimus.<\/p>\n<p>Daugiau nuotrauk\u0173 ir informacijos apie \u0161i\u0105 nauj\u0105j\u0105 oro pomp\u0105 rasite \u017eemiau.<\/p>\n","protected":false},"featured_media":3337,"comment_status":"closed","ping_status":"closed","template":"","meta":[],"class_list":["post-3292","product","type-product","status-publish","has-post-thumbnail","hentry","product_brand-charged","product_cat-accessories"],"_links":{"self":[{"href":"https:\/\/charged.lt\/lt\/wp-json\/wp\/v2\/product\/3292","targetHints":{"allow":["GET"]}}],"collection":[{"href":"https:\/\/charged.lt\/lt\/wp-json\/wp\/v2\/product"}],"about":[{"href":"https:\/\/charged.lt\/lt\/wp-json\/wp\/v2\/types\/product"}],"replies":[{"embeddable":true,"href":"https:\/\/charged.lt\/lt\/wp-json\/wp\/v2\/comments?post=3292"}],"wp:featuredmedia":[{"embeddable":true,"href":"https:\/\/charged.lt\/lt\/wp-json\/wp\/v2\/media\/3337"}],"wp:attachment":[{"href":"https:\/\/charged.lt\/lt\/wp-json\/wp\/v2\/media?parent=3292"}],"curies":[{"name":"wp","href":"https:\/\/api.w.org\/{rel}","templated":true}]}}