{"id":3412,"date":"2017-09-06T18:49:40","date_gmt":"2017-09-06T18:49:40","guid":{"rendered":"http:\/\/charged.lt\/?post_type=product&#038;p=3412"},"modified":"2018-05-16T16:00:15","modified_gmt":"2018-05-16T13:00:15","slug":"helmet-smart-lights","status":"publish","type":"product","link":"https:\/\/charged.lt\/lt\/produktas\/dviracio-salmas-su-stabdziu-lempomis\/","title":{"rendered":"Dvira\u010dio \u0160almas su Stabd\u017ei\u0173 Lempomis"},"content":{"rendered":"[vc_row][vc_column][vc_row_inner][vc_column_inner css=&#8221;.vc_custom_1504435140001{margin-top: 0px !important;margin-right: 5px !important;margin-bottom: 0px !important;margin-left: 5px !important;padding-top: 0px !important;padding-right: 5px !important;padding-bottom: 0px !important;padding-left: 5px !important;}&#8221;][vc_single_image image=&#8221;3425&#8243; img_size=&#8221;large&#8221; alignment=&#8221;center&#8221;][vc_column_text]\u0160alme esan\u010di\u0173 LED lemp\u0173 skleid\u017eiamo 350 liumen\u0173 \u0161viesos srauto pakaks va\u017ein\u0117jant tiek miesto gatv\u0117mis, tiek ir atokesniais dvira\u010di\u0173 takais.\r\n\r\nAnt dvira\u010dio vairo taip pat yra \u012frengtas nuotolinio valdymo pultelis, leid\u017eiantis lengvai ir patogiai keisti j\u0173 nustatymus. EPS putplastis, dengiantis \u0161almo r\u0117mo strukt\u016br\u0105, suteikia papildom\u0105 apsaug\u0105 nuo pa\u017eeidim\u0173 ir u\u017etikrina geriausi\u0105 svorio bei kokyb\u0117s santyk\u012f.[\/vc_column_text][\/vc_column_inner][\/vc_row_inner][vc_row_inner][vc_column_inner width=&#8221;1\/2&#8243; css=&#8221;.vc_custom_1504435140001{margin-top: 0px !important;margin-right: 5px !important;margin-bottom: 0px !important;margin-left: 5px !important;padding-top: 0px !important;padding-right: 5px !important;padding-bottom: 0px !important;padding-left: 5px !important;}&#8221;][vc_column_text]<strong><span class=\"text-50\" style=\"color: #000000;\">PRIEKIN\u0116S \u0160VIESOS<\/span><\/strong>\r\n<span class=\"text-30\">Kair\u0117je ir de\u0161in\u0117je esan\u010dios pos\u016bki\u0173 \u0161viesos<\/span>\r\n\r\n&nbsp;\r\n\r\n<span class=\"text-20\">Priekin\u0117s \u0161viesos srauto stiprumas \u2013 400 lm, \u0161viesos kampas \u2013 30 laipsni\u0173. \u0160\u012f \u0161viesos sraut\u0105 galima pakreipti \u012f vir\u0161\u0173 ar apa\u010di\u0105 20 laipsni\u0173 kampu<\/span>[\/vc_column_text][\/vc_column_inner][vc_column_inner width=&#8221;1\/2&#8243; css=&#8221;.vc_custom_1504435145671{margin-top: 0px !important;margin-right: 5px !important;margin-bottom: 0px !important;margin-left: 5px !important;padding-top: 0px !important;padding-right: 5px !important;padding-bottom: 0px !important;padding-left: 5px !important;}&#8221;][vc_single_image image=&#8221;3417&#8243; img_size=&#8221;large&#8221; alignment=&#8221;center&#8221;][\/vc_column_inner][\/vc_row_inner][vc_row_inner][vc_column_inner width=&#8221;1\/4&#8243; css=&#8221;.vc_custom_1504038440418{margin-top: 0px !important;margin-right: 0px !important;margin-bottom: 0px !important;margin-left: 0px !important;padding-top: 0px !important;padding-right: 0px !important;padding-bottom: 0px !important;padding-left: 0px !important;}&#8221;][vc_single_image image=&#8221;3423&#8243; img_size=&#8221;large&#8221; alignment=&#8221;center&#8221;][\/vc_column_inner][vc_column_inner width=&#8221;1\/4&#8243; css=&#8221;.vc_custom_1504038460882{margin-top: 0px !important;margin-right: 0px !important;margin-bottom: 0px !important;margin-left: 0px !important;padding-top: 0px !important;padding-right: 0px !important;padding-bottom: 0px !important;padding-left: 0px !important;}&#8221;][vc_single_image image=&#8221;3422&#8243; img_size=&#8221;large&#8221; alignment=&#8221;center&#8221;][\/vc_column_inner][vc_column_inner width=&#8221;1\/4&#8243; css=&#8221;.vc_custom_1504038475912{margin-top: 0px !important;margin-right: 0px !important;margin-bottom: 0px !important;margin-left: 0px !important;padding-top: 0px !important;padding-right: 0px !important;padding-bottom: 0px !important;padding-left: 0px !important;}&#8221;][vc_single_image image=&#8221;3421&#8243; img_size=&#8221;large&#8221; alignment=&#8221;center&#8221;][\/vc_column_inner][vc_column_inner width=&#8221;1\/4&#8243; css=&#8221;.vc_custom_1504038492394{margin-top: 0px !important;margin-right: 0px !important;margin-bottom: 0px !important;margin-left: 0px !important;padding-top: 0px !important;padding-right: 0px !important;padding-bottom: 0px !important;padding-left: 0px !important;}&#8221;][vc_single_image image=&#8221;3420&#8243; img_size=&#8221;large&#8221; alignment=&#8221;center&#8221;][\/vc_column_inner][\/vc_row_inner][vc_row_inner][vc_column_inner width=&#8221;1\/2&#8243; css=&#8221;.vc_custom_1504435114205{margin-top: 0px !important;margin-right: 5px !important;margin-bottom: 0px !important;margin-left: 5px !important;padding-top: 0px !important;padding-right: 5px !important;padding-bottom: 0px !important;padding-left: 5px !important;}&#8221;][vc_single_image image=&#8221;3419&#8243; img_size=&#8221;large&#8221; alignment=&#8221;center&#8221;][\/vc_column_inner][vc_column_inner width=&#8221;1\/2&#8243; css=&#8221;.vc_custom_1504435120831{margin-top: 0px !important;margin-right: 5px !important;margin-bottom: 0px !important;margin-left: 5px !important;padding-top: 0px !important;padding-right: 5px !important;padding-bottom: 0px !important;padding-left: 5px !important;}&#8221;][vc_column_text]<strong><span class=\"text-50\" style=\"color: #000000;\">STABD\u017dI\u0172 \u0160VIESOS<\/span><\/strong>\r\n<span class=\"text-30\">Galiniai \u017eibintai &#8211; 32 SMD LED<\/span>\r\n\r\n&nbsp;\r\n\r\n<span class=\"text-20\">I\u0161skirtinis bei svarbiausias \u0161almo privalumas \u2013 i\u0161manioji \u0161almo gale pritaisyta LED lempa, kuri tiesiogiai reaguoja \u012f grei\u010dio poky\u010dius<\/span>[\/vc_column_text][\/vc_column_inner][\/vc_row_inner][vc_row_inner][vc_column_inner width=&#8221;1\/2&#8243; css=&#8221;.vc_custom_1504435516612{margin-top: 0px !important;margin-right: 5px !important;margin-bottom: 0px !important;margin-left: 5px !important;padding-top: 0px !important;padding-right: 5px !important;padding-bottom: 0px !important;padding-left: 5px !important;}&#8221;][vc_column_text]<strong><span class=\"text-50\" style=\"color: #000000;\">ATSPARUS VANDENIUI<\/span><\/strong>\r\n<span class=\"text-30\">Atsparus prakaitui IPX4 dizainas<\/span>\r\n\r\n&nbsp;\r\n\r\n<span class=\"text-20\">Elektronin\u0117s \u0161almo dalys yra apsaugotos nuo dr\u0117gm\u0117s ir puikiai veikia esant blogoms oro s\u0105lygomis<\/span>[\/vc_column_text][\/vc_column_inner][vc_column_inner width=&#8221;1\/2&#8243; css=&#8221;.vc_custom_1504435525814{margin-top: 0px !important;margin-right: 5px !important;margin-bottom: 0px !important;margin-left: 5px !important;padding-top: 0px !important;padding-right: 5px !important;padding-bottom: 0px !important;padding-left: 5px !important;}&#8221;][vc_single_image image=&#8221;3424&#8243; img_size=&#8221;large&#8221; alignment=&#8221;center&#8221;][\/vc_column_inner][\/vc_row_inner][vc_row_inner][vc_column_inner width=&#8221;1\/2&#8243; css=&#8221;.vc_custom_1504435114205{margin-top: 0px !important;margin-right: 5px !important;margin-bottom: 0px !important;margin-left: 5px !important;padding-top: 0px !important;padding-right: 5px !important;padding-bottom: 0px !important;padding-left: 5px !important;}&#8221;][vc_single_image image=&#8221;3288&#8243; img_size=&#8221;large&#8221; alignment=&#8221;center&#8221;][\/vc_column_inner][vc_column_inner width=&#8221;1\/2&#8243; css=&#8221;.vc_custom_1504435120831{margin-top: 0px !important;margin-right: 5px !important;margin-bottom: 0px !important;margin-left: 5px !important;padding-top: 0px !important;padding-right: 5px !important;padding-bottom: 0px !important;padding-left: 5px !important;}&#8221;][vc_column_text]<strong><span class=\"text-50\" style=\"color: #000000;\">I\u0160MATAVIMAI<\/span><\/strong>\r\n\r\n&nbsp;\r\n<ol>\r\n \t<li>Tam, jog tiksliai i\u0161matuotum\u0117te galvos apimt\u012f, naudokite matavimo juostel\u0119.<\/li>\r\n \t<li>J\u016bs\u0173 tikslas &#8211; rasti ilgiausi\u0105 galvos apimties matmen\u012f.<\/li>\r\n \t<li>Apjuoskite juostel\u0119 aplink galv\u0105. Ji tur\u0117t\u0173 b\u016bti \u0161iek tiek auk\u0161\u010diau j\u016bs\u0173 antaki\u0173 ir aus\u0173.<\/li>\r\n \t<li>\u012esitikinkite, jog matavimo juostel\u0117 juosia pla\u010diausi\u0105 j\u016bs\u0173 galvos dal\u012f. U\u017esira\u0161ykite gaut\u0105 skai\u010di\u0173.<\/li>\r\n<\/ol>\r\n[\/vc_column_text][\/vc_column_inner][\/vc_row_inner][vc_row_inner][vc_column_inner width=&#8221;1\/4&#8243; css=&#8221;.vc_custom_1504038440418{margin-top: 0px !important;margin-right: 0px !important;margin-bottom: 0px !important;margin-left: 0px !important;padding-top: 0px !important;padding-right: 0px !important;padding-bottom: 0px !important;padding-left: 0px !important;}&#8221;][vc_single_image image=&#8221;3428&#8243; img_size=&#8221;large&#8221; alignment=&#8221;center&#8221;][\/vc_column_inner][vc_column_inner width=&#8221;1\/4&#8243; css=&#8221;.vc_custom_1504038460882{margin-top: 0px !important;margin-right: 0px !important;margin-bottom: 0px !important;margin-left: 0px !important;padding-top: 0px !important;padding-right: 0px !important;padding-bottom: 0px !important;padding-left: 0px !important;}&#8221;][vc_single_image image=&#8221;3430&#8243; img_size=&#8221;large&#8221; alignment=&#8221;center&#8221;][\/vc_column_inner][vc_column_inner width=&#8221;1\/4&#8243; css=&#8221;.vc_custom_1504038475912{margin-top: 0px !important;margin-right: 0px !important;margin-bottom: 0px !important;margin-left: 0px !important;padding-top: 0px !important;padding-right: 0px !important;padding-bottom: 0px !important;padding-left: 0px !important;}&#8221;][vc_single_image image=&#8221;3429&#8243; img_size=&#8221;large&#8221; alignment=&#8221;center&#8221;][\/vc_column_inner][vc_column_inner width=&#8221;1\/4&#8243; css=&#8221;.vc_custom_1504038492394{margin-top: 0px !important;margin-right: 0px !important;margin-bottom: 0px !important;margin-left: 0px !important;padding-top: 0px !important;padding-right: 0px !important;padding-bottom: 0px !important;padding-left: 0px !important;}&#8221;][vc_single_image image=&#8221;3431&#8243; img_size=&#8221;large&#8221; alignment=&#8221;center&#8221;][\/vc_column_inner][\/vc_row_inner][vc_row_inner][vc_column_inner css=&#8221;.vc_custom_1504435516612{margin-top: 0px !important;margin-right: 5px !important;margin-bottom: 0px !important;margin-left: 5px !important;padding-top: 0px !important;padding-right: 5px !important;padding-bottom: 0px !important;padding-left: 5px !important;}&#8221;][vc_single_image image=&#8221;3440&#8243; img_size=&#8221;full&#8221; alignment=&#8221;center&#8221;][vc_single_image image=&#8221;3437&#8243; img_size=&#8221;full&#8221; alignment=&#8221;center&#8221;][vc_single_image image=&#8221;3436&#8243; img_size=&#8221;full&#8221; alignment=&#8221;center&#8221;][vc_single_image image=&#8221;3435&#8243; img_size=&#8221;full&#8221; alignment=&#8221;center&#8221;][vc_single_image image=&#8221;3432&#8243; img_size=&#8221;full&#8221; alignment=&#8221;center&#8221;][vc_single_image image=&#8221;3434&#8243; img_size=&#8221;full&#8221; alignment=&#8221;center&#8221;][vc_single_image image=&#8221;3438&#8243; img_size=&#8221;full&#8221; alignment=&#8221;center&#8221;][vc_single_image image=&#8221;3439&#8243; img_size=&#8221;full&#8221; alignment=&#8221;center&#8221;][\/vc_column_inner][\/vc_row_inner][vc_column_text]\r\n<h2>\u0160alm\u0173 savinink\u0173 nuotraukos<\/h2>\r\n[\/vc_column_text][vc_row_inner][vc_column_inner width=&#8221;1\/6&#8243; css=&#8221;.vc_custom_1504039013255{margin-top: 0px !important;margin-right: 0px !important;margin-bottom: 0px !important;margin-left: 0px !important;padding-top: 0px !important;padding-right: 0px !important;padding-bottom: 0px !important;padding-left: 0px !important;}&#8221;][vc_single_image image=&#8221;3446&#8243; img_size=&#8221;large&#8221; add_caption=&#8221;yes&#8221; alignment=&#8221;center&#8221; onclick=&#8221;link_image&#8221; image_style=&#8221;shadow&#8221; image_hover_style=&#8221;dark&#8221;][\/vc_column_inner][vc_column_inner width=&#8221;1\/6&#8243; css=&#8221;.vc_custom_1504039031281{margin-top: 0px !important;margin-right: 0px !important;margin-bottom: 0px !important;margin-left: 0px !important;padding-top: 0px !important;padding-right: 0px !important;padding-bottom: 0px !important;padding-left: 0px !important;}&#8221;][vc_single_image image=&#8221;3445&#8243; img_size=&#8221;large&#8221; add_caption=&#8221;yes&#8221; alignment=&#8221;center&#8221; onclick=&#8221;link_image&#8221; image_style=&#8221;shadow&#8221; image_hover_style=&#8221;dark&#8221;][\/vc_column_inner][vc_column_inner width=&#8221;1\/6&#8243; css=&#8221;.vc_custom_1504039054744{margin-top: 0px !important;margin-right: 0px !important;margin-bottom: 0px !important;margin-left: 0px !important;padding-top: 0px !important;padding-right: 0px !important;padding-bottom: 0px !important;padding-left: 0px !important;}&#8221;][vc_single_image image=&#8221;3444&#8243; img_size=&#8221;medium&#8221; alignment=&#8221;center&#8221; onclick=&#8221;link_image&#8221; image_style=&#8221;shadow&#8221; image_hover_style=&#8221;dark&#8221;][\/vc_column_inner][vc_column_inner width=&#8221;1\/6&#8243; css=&#8221;.vc_custom_1504039102985{margin-top: 0px !important;margin-right: 0px !important;margin-bottom: 0px !important;margin-left: 0px !important;padding-top: 0px !important;padding-right: 0px !important;padding-bottom: 0px !important;padding-left: 0px !important;}&#8221;][vc_single_image image=&#8221;3443&#8243; img_size=&#8221;medium&#8221; alignment=&#8221;center&#8221; onclick=&#8221;link_image&#8221; image_style=&#8221;shadow&#8221; image_hover_style=&#8221;dark&#8221;][\/vc_column_inner][vc_column_inner width=&#8221;1\/6&#8243; css=&#8221;.vc_custom_1504039098868{margin-top: 0px !important;margin-right: 0px !important;margin-bottom: 0px !important;margin-left: 0px !important;padding-top: 0px !important;padding-right: 0px !important;padding-bottom: 0px !important;padding-left: 0px !important;}&#8221;][vc_single_image image=&#8221;3442&#8243; img_size=&#8221;medium&#8221; alignment=&#8221;center&#8221; onclick=&#8221;zoom&#8221; image_style=&#8221;shadow&#8221; image_hover_style=&#8221;dark&#8221;][\/vc_column_inner][vc_column_inner width=&#8221;1\/6&#8243; css=&#8221;.vc_custom_1504039093569{margin-top: 0px !important;margin-right: 0px !important;margin-bottom: 0px !important;margin-left: 0px !important;padding-top: 0px !important;padding-right: 0px !important;padding-bottom: 0px !important;padding-left: 0px !important;}&#8221;][vc_single_image image=&#8221;3441&#8243; img_size=&#8221;medium&#8221; alignment=&#8221;center&#8221; onclick=&#8221;zoom&#8221; image_style=&#8221;shadow&#8221; image_hover_style=&#8221;dark&#8221;][\/vc_column_inner][\/vc_row_inner][\/vc_column][vc_column][\/vc_column][\/vc_row]","protected":false},"excerpt":{"rendered":"<p>\u0160is i\u0161manusis \u0161almas \u2013 kiekvieno dviratininko svajon\u0117! Jis suteiks visk\u0105, ko reikia va\u017eiuojant tamsiomis miesto gatv\u0117mis. Gal\u0117site lengvai keisti integruot\u0173 priekini\u0173, galini\u0173, pos\u016bki\u0173, avarini\u0173, o svarbiausia &#8211; stabd\u017ei\u0173 \u0161vies\u0173 re\u017eimus.<\/p>\n<p>Lengvai reguliuojamos priekin\u0117s ir galin\u0117s \u0161viesos paver\u010dia \u0161\u012f \u0161alm\u0105 nepakei\u010diamu i\u0161maniuoju aksesuaru. D\u0117ka \u012frengto grei\u010dio jutiklio, stabdant galin\u0117s lempos \u0161vie\u010dia ry\u0161kiau. D\u0117ka \u0161io patobulinimo, j\u016bs galite b\u016bti tikri, jog kiti eismo dalyviai jus tikrai pasteb\u0117s!<\/p>\n<p>B\u016bkite matomi, b\u016bkite saug\u016bs!<\/p>\n<p>Daugiau informacijos apie produkt\u0105 rasite \u017eemiau.<\/p>\n","protected":false},"featured_media":3414,"comment_status":"closed","ping_status":"closed","template":"","meta":[],"class_list":["post-3412","product","type-product","status-publish","has-post-thumbnail","hentry","product_cat-accessories"],"_links":{"self":[{"href":"https:\/\/charged.lt\/lt\/wp-json\/wp\/v2\/product\/3412","targetHints":{"allow":["GET"]}}],"collection":[{"href":"https:\/\/charged.lt\/lt\/wp-json\/wp\/v2\/product"}],"about":[{"href":"https:\/\/charged.lt\/lt\/wp-json\/wp\/v2\/types\/product"}],"replies":[{"embeddable":true,"href":"https:\/\/charged.lt\/lt\/wp-json\/wp\/v2\/comments?post=3412"}],"wp:featuredmedia":[{"embeddable":true,"href":"https:\/\/charged.lt\/lt\/wp-json\/wp\/v2\/media\/3414"}],"wp:attachment":[{"href":"https:\/\/charged.lt\/lt\/wp-json\/wp\/v2\/media?parent=3412"}],"curies":[{"name":"wp","href":"https:\/\/api.w.org\/{rel}","templated":true}]}}