{"id":3522,"date":"2017-09-11T10:42:10","date_gmt":"2017-09-11T10:42:10","guid":{"rendered":"http:\/\/charged.lt\/?post_type=product&#038;p=3522"},"modified":"2020-01-25T01:20:04","modified_gmt":"2020-01-24T22:20:04","slug":"gloves","status":"publish","type":"product","link":"https:\/\/charged.lt\/lt\/produktas\/pirstines-su-led-sviesa\/","title":{"rendered":"Pir\u0161tin\u0117s su LED \u0161viesa"},"content":{"rendered":"[vc_row][vc_column][vc_row_inner][vc_column_inner css=&#8221;.vc_custom_1504435140001{margin-top: 0px !important;margin-right: 5px !important;margin-bottom: 0px !important;margin-left: 5px !important;padding-top: 0px !important;padding-right: 5px !important;padding-bottom: 0px !important;padding-left: 5px !important;}&#8221;][vc_single_image image=&#8221;3532&#8243; img_size=&#8221;full&#8221; alignment=&#8221;center&#8221;][vc_column_text]\r\n<p class=\"p1\"><span class=\"s1\">\u0160ias LED pir\u0161tines valdyti yra itin paprasta &#8211; pakanka vieno mygtuko paspaudimo, kad jas \u012fjungtum\u0117te ir taptum\u0117te matomu!<\/span><\/p>\r\n[\/vc_column_text][\/vc_column_inner][\/vc_row_inner][vc_row_inner][vc_column_inner width=&#8221;1\/2&#8243; css=&#8221;.vc_custom_1504435140001{margin-top: 0px !important;margin-right: 5px !important;margin-bottom: 0px !important;margin-left: 5px !important;padding-top: 0px !important;padding-right: 5px !important;padding-bottom: 0px !important;padding-left: 5px !important;}&#8221;][vc_column_text]<strong><span class=\"text-60\" style=\"color: #000000;\">LIKITE SAUG\u016aS TAMSOJE<\/span><\/strong>\r\n<span class=\"text-40\">Pir\u0161tin\u0117s \u0161vyti tamsiuoju paros laiku<\/span>\r\n\r\n&nbsp;\r\n\r\n&nbsp;\r\n\r\n<span class=\"text-20\">Lengvai pastebimos i\u0161 tolo, tod\u0117l vairuotojai pasteb\u0117s jus nakt\u012f. Vertinkite savo gyvyb\u0119 \u2013 b\u016bkite ap\u0161viesti!<\/span>[\/vc_column_text][\/vc_column_inner][vc_column_inner width=&#8221;1\/2&#8243; css=&#8221;.vc_custom_1504435145671{margin-top: 0px !important;margin-right: 5px !important;margin-bottom: 0px !important;margin-left: 5px !important;padding-top: 0px !important;padding-right: 5px !important;padding-bottom: 0px !important;padding-left: 5px !important;}&#8221;][vc_single_image image=&#8221;3524&#8243; img_size=&#8221;large&#8221; alignment=&#8221;center&#8221;][\/vc_column_inner][\/vc_row_inner][vc_row_inner][vc_column_inner width=&#8221;1\/4&#8243; css=&#8221;.vc_custom_1504038440418{margin-top: 0px !important;margin-right: 0px !important;margin-bottom: 0px !important;margin-left: 0px !important;padding-top: 0px !important;padding-right: 0px !important;padding-bottom: 0px !important;padding-left: 0px !important;}&#8221;][vc_single_image image=&#8221;3530&#8243; img_size=&#8221;large&#8221; alignment=&#8221;center&#8221;][\/vc_column_inner][vc_column_inner width=&#8221;1\/4&#8243; css=&#8221;.vc_custom_1504038460882{margin-top: 0px !important;margin-right: 0px !important;margin-bottom: 0px !important;margin-left: 0px !important;padding-top: 0px !important;padding-right: 0px !important;padding-bottom: 0px !important;padding-left: 0px !important;}&#8221;][vc_single_image image=&#8221;3531&#8243; img_size=&#8221;large&#8221; alignment=&#8221;center&#8221;][\/vc_column_inner][vc_column_inner width=&#8221;1\/4&#8243; css=&#8221;.vc_custom_1504038475912{margin-top: 0px !important;margin-right: 0px !important;margin-bottom: 0px !important;margin-left: 0px !important;padding-top: 0px !important;padding-right: 0px !important;padding-bottom: 0px !important;padding-left: 0px !important;}&#8221;][vc_single_image image=&#8221;3528&#8243; img_size=&#8221;large&#8221; alignment=&#8221;center&#8221;][\/vc_column_inner][vc_column_inner width=&#8221;1\/4&#8243; css=&#8221;.vc_custom_1504038492394{margin-top: 0px !important;margin-right: 0px !important;margin-bottom: 0px !important;margin-left: 0px !important;padding-top: 0px !important;padding-right: 0px !important;padding-bottom: 0px !important;padding-left: 0px !important;}&#8221;][vc_single_image image=&#8221;3529&#8243; img_size=&#8221;large&#8221; alignment=&#8221;center&#8221;][\/vc_column_inner][\/vc_row_inner][vc_row_inner][vc_column_inner width=&#8221;1\/2&#8243; css=&#8221;.vc_custom_1504435114205{margin-top: 0px !important;margin-right: 5px !important;margin-bottom: 0px !important;margin-left: 5px !important;padding-top: 0px !important;padding-right: 5px !important;padding-bottom: 0px !important;padding-left: 5px !important;}&#8221;][vc_single_image image=&#8221;3526&#8243; img_size=&#8221;large&#8221; alignment=&#8221;center&#8221;][\/vc_column_inner][vc_column_inner width=&#8221;1\/2&#8243; css=&#8221;.vc_custom_1504435120831{margin-top: 0px !important;margin-right: 5px !important;margin-bottom: 0px !important;margin-left: 5px !important;padding-top: 0px !important;padding-right: 5px !important;padding-bottom: 0px !important;padding-left: 5px !important;}&#8221;][vc_column_text]<strong><span class=\"text-55\" style=\"color: #000000;\">KVEPUOJAN\u010cIOS<\/span><\/strong>\r\n<span class=\"text-40\">Pralaidi orui, 3D kv\u0117puojanti tinklin\u0117 med\u017eiaga<\/span>\r\n\r\n&nbsp;\r\n\r\n&nbsp;\r\n\r\n<span class=\"text-20\">Reguliuojamas dydis pritaikomas kiekvienai rankai. Tvirtas sukibimas ir stilingas va\u017eiavimas<\/span>[\/vc_column_text][\/vc_column_inner][\/vc_row_inner][vc_row_inner][vc_column_inner width=&#8221;1\/2&#8243; css=&#8221;.vc_custom_1504435516612{margin-top: 0px !important;margin-right: 5px !important;margin-bottom: 0px !important;margin-left: 5px !important;padding-top: 0px !important;padding-right: 5px !important;padding-bottom: 0px !important;padding-left: 5px !important;}&#8221;][vc_column_text]<strong><span class=\"text-60\" style=\"color: #000000;\">PAPRASTA D\u0116V\u0116TI<\/span><\/strong>\r\n<span class=\"text-40\">Bepir\u0161\u010di\u0173 pir\u0161tini\u0173 dizainas padeda i\u0161laikyti vikrum\u0105 ir judrum\u0105<\/span>\r\n\r\n&nbsp;\r\n\r\n&nbsp;\r\n\r\n<span class=\"text-20\">Apsauga nuo vibracijos suma\u017eina rankos nuovarg\u012f<\/span>[\/vc_column_text][\/vc_column_inner][vc_column_inner width=&#8221;1\/2&#8243; css=&#8221;.vc_custom_1504435525814{margin-top: 0px !important;margin-right: 5px !important;margin-bottom: 0px !important;margin-left: 5px !important;padding-top: 0px !important;padding-right: 5px !important;padding-bottom: 0px !important;padding-left: 5px !important;}&#8221;][vc_single_image image=&#8221;3525&#8243; img_size=&#8221;large&#8221; alignment=&#8221;center&#8221;][\/vc_column_inner][\/vc_row_inner][vc_row_inner][vc_column_inner width=&#8221;1\/2&#8243; css=&#8221;.vc_custom_1504435114205{margin-top: 0px !important;margin-right: 5px !important;margin-bottom: 0px !important;margin-left: 5px !important;padding-top: 0px !important;padding-right: 5px !important;padding-bottom: 0px !important;padding-left: 5px !important;}&#8221;][vc_single_image image=&#8221;3533&#8243; img_size=&#8221;large&#8221; alignment=&#8221;center&#8221;][\/vc_column_inner][vc_column_inner width=&#8221;1\/2&#8243; css=&#8221;.vc_custom_1504435120831{margin-top: 0px !important;margin-right: 5px !important;margin-bottom: 0px !important;margin-left: 5px !important;padding-top: 0px !important;padding-right: 5px !important;padding-bottom: 0px !important;padding-left: 5px !important;}&#8221;][vc_column_text]<strong><span class=\"text-60\" style=\"color: #000000;\">I\u0160MATAVIMAI<\/span><\/strong>\r\n\r\n&nbsp;\r\n\r\n<span class=\"text-20\">I\u0161matuokite pla\u010diausi\u0105 delno dal\u012f ir pasirinkite jums tinkam\u0105 dyd\u012f<\/span>[\/vc_column_text][\/vc_column_inner][\/vc_row_inner][vc_row_inner][vc_column_inner width=&#8221;1\/6&#8243; css=&#8221;.vc_custom_1504038440418{margin-top: 0px !important;margin-right: 0px !important;margin-bottom: 0px !important;margin-left: 0px !important;padding-top: 0px !important;padding-right: 0px !important;padding-bottom: 0px !important;padding-left: 0px !important;}&#8221;][vc_single_image image=&#8221;3539&#8243; img_size=&#8221;large&#8221; alignment=&#8221;center&#8221;][\/vc_column_inner][vc_column_inner width=&#8221;1\/6&#8243; css=&#8221;.vc_custom_1504038460882{margin-top: 0px !important;margin-right: 0px !important;margin-bottom: 0px !important;margin-left: 0px !important;padding-top: 0px !important;padding-right: 0px !important;padding-bottom: 0px !important;padding-left: 0px !important;}&#8221;][vc_single_image image=&#8221;3538&#8243; img_size=&#8221;large&#8221; alignment=&#8221;center&#8221;][\/vc_column_inner][vc_column_inner width=&#8221;1\/6&#8243; css=&#8221;.vc_custom_1504038475912{margin-top: 0px !important;margin-right: 0px !important;margin-bottom: 0px !important;margin-left: 0px !important;padding-top: 0px !important;padding-right: 0px !important;padding-bottom: 0px !important;padding-left: 0px !important;}&#8221;][vc_single_image image=&#8221;3537&#8243; img_size=&#8221;large&#8221; alignment=&#8221;center&#8221;][\/vc_column_inner][vc_column_inner width=&#8221;1\/6&#8243; css=&#8221;.vc_custom_1504038492394{margin-top: 0px !important;margin-right: 0px !important;margin-bottom: 0px !important;margin-left: 0px !important;padding-top: 0px !important;padding-right: 0px !important;padding-bottom: 0px !important;padding-left: 0px !important;}&#8221;][vc_single_image image=&#8221;3536&#8243; img_size=&#8221;large&#8221; alignment=&#8221;center&#8221;][\/vc_column_inner][vc_column_inner width=&#8221;1\/6&#8243; css=&#8221;.vc_custom_1505129412807{margin-top: 0px !important;margin-right: 0px !important;margin-bottom: 0px !important;margin-left: 0px !important;padding-top: 0px !important;padding-right: 0px !important;padding-bottom: 0px !important;padding-left: 0px !important;}&#8221;][vc_single_image image=&#8221;3535&#8243; img_size=&#8221;large&#8221; alignment=&#8221;center&#8221;][\/vc_column_inner][vc_column_inner width=&#8221;1\/6&#8243; css=&#8221;.vc_custom_1505129424237{margin-top: 0px !important;margin-right: 0px !important;margin-bottom: 0px !important;margin-left: 0px !important;padding-top: 0px !important;padding-right: 0px !important;padding-bottom: 0px !important;padding-left: 0px !important;}&#8221;][vc_single_image image=&#8221;3534&#8243; img_size=&#8221;large&#8221; alignment=&#8221;center&#8221;][\/vc_column_inner][\/vc_row_inner][\/vc_column][vc_column][\/vc_column][\/vc_row]","protected":false},"excerpt":{"rendered":"<p>Svarbiausia saugumas! Tai \u0161\u016bkis, kur\u012f naudojame Charged komandoje. Tamsiuoju paros metu dvira\u010di\u0173 ir kit\u0173 transporto priemoni\u0173 vairuotojai tampa itin nepastebimais.<\/p>\n<p>Nor\u0117dami pad\u0117ti jiems to i\u0161vengti, mes suk\u016br\u0117me tamsoje \u0161vytin\u010dias LED pir\u0161tines. \u0160iose pir\u0161tin\u0117se yra \u012fdiegti keleti skirtingi \u017eyb\u010diojimo re\u017eimas, padedantys atkreipti d\u0117mes\u012f.<\/p>\n<p>Ateityje planuojame i\u0161leisti ir daugiau\u00a0aksesuar\u0173, pad\u0117sian\u010di\u0173 jums tapti matomais kelyje.<\/p>\n<p>B\u016bk matomas, b\u016bk saugus!<\/p>\n<p>Daugiau informacijos apie produkt\u0105 skaitykite \u017eemiau.<\/p>\n<p>&nbsp;<\/p>\n","protected":false},"featured_media":3524,"comment_status":"closed","ping_status":"closed","template":"","meta":[],"class_list":["post-3522","product","type-product","status-publish","has-post-thumbnail","hentry","product_cat-accessories"],"_links":{"self":[{"href":"https:\/\/charged.lt\/lt\/wp-json\/wp\/v2\/product\/3522","targetHints":{"allow":["GET"]}}],"collection":[{"href":"https:\/\/charged.lt\/lt\/wp-json\/wp\/v2\/product"}],"about":[{"href":"https:\/\/charged.lt\/lt\/wp-json\/wp\/v2\/types\/product"}],"replies":[{"embeddable":true,"href":"https:\/\/charged.lt\/lt\/wp-json\/wp\/v2\/comments?post=3522"}],"wp:featuredmedia":[{"embeddable":true,"href":"https:\/\/charged.lt\/lt\/wp-json\/wp\/v2\/media\/3524"}],"wp:attachment":[{"href":"https:\/\/charged.lt\/lt\/wp-json\/wp\/v2\/media?parent=3522"}],"curies":[{"name":"wp","href":"https:\/\/api.w.org\/{rel}","templated":true}]}}