{"id":384,"date":"2015-05-26T10:00:08","date_gmt":"2015-05-26T07:00:08","guid":{"rendered":"http:\/\/demo.sunrisetheme.com\/velo\/\/?post_type=product&#038;p=384"},"modified":"2025-04-13T01:04:44","modified_gmt":"2025-04-12T22:04:44","slug":"charged-scooter-vogue","status":"publish","type":"product","link":"https:\/\/charged.lt\/lt\/produktas\/charged-scooter-vogue-edition\/","title":{"rendered":"CHARGED paspirtukas Vogue versija"},"content":{"rendered":"[vc_row][vc_column][vc_single_image image=&#8221;3562&#8243; img_size=&#8221;full&#8221; alignment=&#8221;center&#8221;][vc_single_image image=&#8221;3995&#8243; img_size=&#8221;full&#8221;][\/vc_column][\/vc_row][vc_row][vc_column][vc_column_text]\r\n<p class=\"p1\"><span class=\"s1\">Stilingas elektrinis motoroleris turi 1000 W galios motor\u0105 ir gali i\u0161vystyti 25 km\/h greit\u012f. Ta\u010diau mes galime j\u012f patobulinti ir pasi\u016blyti dar daugiau grei\u010dio! Patobulintas Charged motoroleris gali pasiekti net 40 km\/h greit\u012f, tad jis gali tapti rimtu konkurentu j\u016bs\u0173 automobiliui. <\/span><\/p>\r\n<p class=\"p1\"><span class=\"s1\">Pasirink\u0119 greitesn\u0119 motorolerio versij\u0105 prisiimate vis\u0105 atsakomyb\u0119 ir turite u\u017etikrinti tiek savo, tiek kit\u0173 eismo dalyvi\u0173 saugum\u0105. Be to, \u0161ios versijos naudojimui reikalingas vairuotojo pa\u017eym\u0117jimas, transporto priemon\u0117s registracijos numeriai ir draudimas. \u0160iuo elektriniu motoroleriu taip pat negal\u0117site va\u017ein\u0117ti dvira\u010di\u0173 takais.<\/span><\/p>\r\n\r\n<blockquote>\r\n<p class=\"p1\"><span class=\"s1\">Suteik daugiau galios savo Charged motoroleriui!<\/span><\/p>\r\n<\/blockquote>\r\n[\/vc_column_text][\/vc_column][\/vc_row][vc_row][vc_column width=&#8221;1\/4&#8243;][vc_column_text]<div class=\"k2t-counter icon-top animated\" style=\"border-width: 1px;border-color: #000000;border-style: dashed;padding: 20px\" data-delay=\"0\"  data-animation=\"flipInX\" data-animation-delay=\"\"><div class=\"counter-inner\" ><div class=\"counter-number\"><div class=\"counter-text\"><span style=\"font-size: 20px\" class=\"title\">Max greitis (km\/h)<\/span><div class=\"desc\"><\/div><\/div><h2 style=\"color: #dd3333\" class=\"number\" data-from=\"0\" data-to=\"25\" data-speed=\"1000\" data-delayrefresh-interval=\"10\">0<\/h2><\/div><\/div><\/div>[\/vc_column_text][\/vc_column][vc_column width=&#8221;1\/4&#8243;][vc_column_text]<div class=\"k2t-counter icon-top animated\" style=\"border-width: 1px;border-color: #000000;border-style: dashed;padding: 20px\" data-delay=\"0\"  data-animation=\"flipInX\" data-animation-delay=\"\"><div class=\"counter-inner\" ><div class=\"counter-number\"><div class=\"counter-text\"><span style=\"font-size: 20px\" class=\"title\">Max atstumas (km)<\/span><div class=\"desc\"><\/div><\/div><h2 style=\"color: #dd3333\" class=\"number\" data-from=\"0\" data-to=\"60\" data-speed=\"1000\" data-delayrefresh-interval=\"10\">0<\/h2><\/div><\/div><\/div>[\/vc_column_text][\/vc_column][vc_column width=&#8221;1\/4&#8243;][vc_column_text]<div class=\"k2t-counter icon-top animated\" style=\"border-width: 1px;border-color: #000000;border-style: dashed;padding: 20px\" data-delay=\"0\"  data-animation=\"flipInX\" data-animation-delay=\"\"><div class=\"counter-inner\" ><div class=\"counter-number\"><div class=\"counter-text\"><span style=\"font-size: 20px\" class=\"title\">Max galia (W)<\/span><div class=\"desc\"><\/div><\/div><h2 style=\"color: #dd3333\" class=\"number\" data-from=\"0\" data-to=\"1000\" data-speed=\"1000\" data-delayrefresh-interval=\"10\">0<\/h2><\/div><\/div><\/div>[\/vc_column_text][\/vc_column][vc_column width=&#8221;1\/4&#8243;][vc_column_text]<div class=\"k2t-counter icon-top animated\" style=\"border-width: 1px;border-color: #000000;border-style: dashed;padding: 20px\" data-delay=\"0\"  data-animation=\"flipInX\" data-animation-delay=\"\"><div class=\"counter-inner\" ><div class=\"counter-number\"><div class=\"counter-text\"><span style=\"font-size: 20px\" class=\"title\">Min kaina (Eur)<\/span><div class=\"desc\"><\/div><\/div><h2 style=\"color: #dd3333\" class=\"number\" data-from=\"0\" data-to=\"1077\" data-speed=\"1000\" data-delayrefresh-interval=\"10\">0<\/h2><\/div><\/div><\/div>[\/vc_column_text][\/vc_column][\/vc_row][vc_row][vc_column][vc_column_text]\r\n<p class=\"p1\"><span class=\"s1\">Charged motoroleris turi tris grei\u010dio re\u017eimus: p\u0117s\u010diojo, dvira\u010dio ir maksimalaus galingumo. Lentel\u0117je pateiktas \u012fvertinimas buvo atliekamas \u012fjungus dvira\u010dio grei\u010dio re\u017eim\u0105.<\/span><\/p>\r\n<p class=\"p1\"><span class=\"s1\">Charged motoroleris turi 60V 12AH\/20AH li\u010dio baterij\u0105. Pilnai \u012fkrauta baterija leid\u017eia nuva\u017eiuoti 40-60 kilometr\u0173. Pilnas \u012fkrovimo laikas siekia 6-8 valandas, tad pakanka darbos dienos, kad j\u012f v\u0117l pakrautum\u0117te. E-motoroleris yra puiki transporto priemon\u0117 kelionei \u012f darb\u0105.<\/span><\/p>\r\n<p class=\"p1\"><span class=\"s1\">Elektrinis motoroleris turi priekinius ir galinius hidraulinius diskinius stabd\u017eius ir amortizatorius, kurie u\u017etikrina saugias ir patogias keliones. Trumpa stabdymo distancija taip pat leid\u017eia i\u0161kilus pavojui akimirksniu sustabdyti transporto priemon\u0119. <\/span><\/p>\r\n<p class=\"p1\"><span class=\"s1\">Mes taip pat galime pasi\u016blyti priedus elektriniam motoroleriui, pavyzd\u017eiui, signalizacij\u0105 ar valdym\u0105 mobiliosios aplikacijos pagalba.<\/span><\/p>\r\n[\/vc_column_text][\/vc_column][\/vc_row][vc_row][vc_column][vc_column_text]<div  class=\"k2t-heading align-left has-border no-subtitle underline h2 short_line\"><div class=\"k2t-heading-inner\"><div class=\"text\"><h2 class=\"h\"><span><\/span><\/h2><div class=\"has-boder-style\"><span><\/span><\/div><\/div><\/div><\/div>\r\n\r\n<div  class=\"k2t-progress striped\" data-speed=\"1000\" data-easing=\"easeOutExpo\"><div class=\"text\" style=\"color: #000000\">MAX \u012eMANOMAS ATSTUMAS:<\/div><div class=\"progress-background\" style=\"background-color: #FFFFFF\"><div class=\"percent\"  style=\"margin-left: 100%\"><i class=\"icon awesome-map-marker\"><\/i>100%<\/div><div class=\"bar-outer\"><div class=\"bar\" style=\"background-color: #000000;width: 100%\"><\/div><\/div><\/div><\/div>\r\n*Jei va\u017eiuosite 10 km\/h grei\u010diu ir grei\u010diau, \u012fveiksite 60 km atstum\u0105.\r\n<div  class=\"k2t-progress striped\" data-speed=\"1000\" data-easing=\"easeOutExpo\"><div class=\"text\" style=\"color: #000000\">PUS\u0116 \u012eMANOMO ATSTUMO::<\/div><div class=\"progress-background\" style=\"background-color: #FFFFFF\"><div class=\"percent\"  style=\"margin-left: 50%\"><i class=\"icon awesome-map-marker\"><\/i>50%<\/div><div class=\"bar-outer\"><div class=\"bar\" style=\"background-color: #000000;width: 50%\"><\/div><\/div><\/div><\/div>\r\n*Jei va\u017eiuosite 17 km\/h grei\u010diu ir grei\u010diau, \u012fveiksite 40 km atstum\u0105.\r\n<div  class=\"k2t-progress striped\" data-speed=\"1000\" data-easing=\"easeOutExpo\"><div class=\"text\" style=\"color: #000000\">KETVIRTIS \u012eMANOMO ATSTUMO:<\/div><div class=\"progress-background\" style=\"background-color: #FFFFFF\"><div class=\"percent\"  style=\"margin-left: 25%\"><i class=\"icon awesome-map-marker\"><\/i>25%<\/div><div class=\"bar-outer\"><div class=\"bar\" style=\"background-color: red;width: 25%\"><\/div><\/div><\/div><\/div>\r\n*Jei va\u017eiuosite 25 km\/h grei\u010diu ir grei\u010diau, \u012fveiksite 20 km.\r\n\r\nCharged Vogue motoreleriai pasi\u017eymi i\u0161skirtiniu dizainu. Tai gra\u017eiausi ir stilingiausi elektriniai motoroleriai, kuriuos si\u016blome \u012fsigyti. Transporto priemon\u0117s dizain\u0105 \u012fkv\u0117p\u0117 Harley Davidson motociklai, ta\u010diau motoroleris n\u0117ra toks gr\u0117smingasi ir pavojingas. E-motoroleris yra draugi\u0161ka transporto priemon\u0117, kuri leid\u017eia stilingai keliauti miesto gatv\u0117mis.\r\n\r\nElektrinis motoroleris turi patogias CNC rankenas. Si\u016blome rinktis vien\u0105, j\u016bs\u0173 asmenyb\u0119 i\u0161ry\u0161kinan\u010di\u0105, motorolerio spalv\u0105 &#8211; raudon\u0105, juod\u0105, gelton\u0105 arba balt\u0105.[\/vc_column_text][\/vc_column][\/vc_row][vc_row][vc_column][vc_column_text]\r\n<p class=\"p1\"><strong><span class=\"s1\">RAUDONAS CHARGED MODELIS:<\/span><\/strong><\/p>\r\n<p class=\"p1\"><span class=\"s1\">Raudonas Charged motoroleris skirtas tiems, kurie trok\u0161ta d\u0117mesio. Raudona spalva neabejotinai traukia ak\u012f ir priver\u010dia atsisukti. Skriedami miesto gatv\u0117mis Charged elektriniu motoroleriu neliksite nepasteb\u0117ti.<\/span><\/p>\r\n[\/vc_column_text][\/vc_column][\/vc_row][vc_row][vc_column width=&#8221;1\/2&#8243;][vc_single_image image=&#8221;3996&#8243; img_size=&#8221;large&#8221; alignment=&#8221;center&#8221; onclick=&#8221;link_image&#8221;][\/vc_column][vc_column width=&#8221;1\/2&#8243;][vc_single_image image=&#8221;3997&#8243; img_size=&#8221;large&#8221; alignment=&#8221;center&#8221; onclick=&#8221;link_image&#8221;][\/vc_column][\/vc_row][vc_row][vc_column width=&#8221;1\/4&#8243;][vc_single_image image=&#8221;4059&#8243; img_size=&#8221;medium&#8221; alignment=&#8221;center&#8221; onclick=&#8221;link_image&#8221;][\/vc_column][vc_column width=&#8221;1\/4&#8243;][vc_single_image image=&#8221;4061&#8243; img_size=&#8221;medium&#8221; alignment=&#8221;center&#8221; onclick=&#8221;link_image&#8221;][\/vc_column][vc_column width=&#8221;1\/4&#8243;][vc_single_image image=&#8221;4062&#8243; img_size=&#8221;medium&#8221; alignment=&#8221;center&#8221; onclick=&#8221;link_image&#8221;][\/vc_column][vc_column width=&#8221;1\/4&#8243;][vc_single_image image=&#8221;4063&#8243; img_size=&#8221;medium&#8221; alignment=&#8221;center&#8221; onclick=&#8221;link_image&#8221;][\/vc_column][\/vc_row][vc_row][vc_column][vc_column_text]\r\n<p class=\"p1\"><strong><span class=\"s1\">JUODAS CHARGED MODELIS:<\/span><\/strong><\/p>\r\n<p class=\"p1\"><span class=\"s1\">Juoda niekada nei\u0161eina i\u0161 mados. Juodasis Charged motoroleris pasi\u017eymi klasikiniu dizainu, o juoda<span class=\"Apple-converted-space\">\u00a0 <\/span>korpuso spalva tik sustiprina elegancijos poj\u016bt\u012f. Charged elektrinis motoroleris suteikia daugiau pasitik\u0117jimo savimi ir leid\u017eia stilingai pasiekti kelion\u0117s tiksl\u0105.<\/span><\/p>\r\n[\/vc_column_text][\/vc_column][\/vc_row][vc_row][vc_column width=&#8221;1\/2&#8243;][vc_single_image image=&#8221;3998&#8243; img_size=&#8221;large&#8221; alignment=&#8221;center&#8221; onclick=&#8221;link_image&#8221;][\/vc_column][vc_column width=&#8221;1\/2&#8243;][vc_single_image image=&#8221;3999&#8243; img_size=&#8221;large&#8221; alignment=&#8221;center&#8221; onclick=&#8221;link_image&#8221;][\/vc_column][\/vc_row][vc_row][vc_column width=&#8221;1\/4&#8243;][vc_single_image image=&#8221;4064&#8243; img_size=&#8221;medium&#8221; alignment=&#8221;center&#8221; onclick=&#8221;link_image&#8221;][\/vc_column][vc_column width=&#8221;1\/4&#8243;][vc_single_image image=&#8221;4065&#8243; img_size=&#8221;medium&#8221; alignment=&#8221;center&#8221; onclick=&#8221;link_image&#8221;][\/vc_column][vc_column width=&#8221;1\/4&#8243;][vc_single_image image=&#8221;4066&#8243; img_size=&#8221;medium&#8221; alignment=&#8221;center&#8221; onclick=&#8221;link_image&#8221;][\/vc_column][vc_column width=&#8221;1\/4&#8243;][vc_single_image image=&#8221;4067&#8243; img_size=&#8221;medium&#8221; alignment=&#8221;center&#8221; onclick=&#8221;link_image&#8221;][\/vc_column][\/vc_row][vc_row][vc_column][vc_column_text]\r\n<p class=\"p1\"><strong><span class=\"s1\">GELTONAS CHARGED MODELIS:<\/span><\/strong><\/p>\r\n<p class=\"p1\"><span class=\"s1\">Geltonasis Charged motoroleris skirtas mai\u0161taujan\u010dioms sieloms. Ry\u0161ki spalva suteikia daugiau energijos ir \u012fkvepia leistis \u012f nuotykius mieste. Niekam nekils abejoni\u0173, kad geltonojo Charged Vogue motorolerio vairuotojas gal\u0117s papasakoti pa\u010dias netik\u0117\u010diausias miesto istorijas ar legendas.<\/span><\/p>\r\n[\/vc_column_text][\/vc_column][\/vc_row][vc_row][vc_column width=&#8221;1\/2&#8243;][vc_single_image image=&#8221;4000&#8243; img_size=&#8221;large&#8221; alignment=&#8221;center&#8221; onclick=&#8221;link_image&#8221;][\/vc_column][vc_column width=&#8221;1\/2&#8243;][vc_single_image image=&#8221;4004&#8243; img_size=&#8221;large&#8221; alignment=&#8221;center&#8221; onclick=&#8221;link_image&#8221;][\/vc_column][\/vc_row][vc_row][vc_column width=&#8221;1\/4&#8243;][vc_single_image image=&#8221;4068&#8243; img_size=&#8221;medium&#8221; alignment=&#8221;center&#8221; onclick=&#8221;link_image&#8221;][\/vc_column][vc_column width=&#8221;1\/4&#8243;][vc_single_image image=&#8221;4069&#8243; img_size=&#8221;medium&#8221; alignment=&#8221;center&#8221; onclick=&#8221;link_image&#8221;][\/vc_column][vc_column width=&#8221;1\/4&#8243;][vc_single_image image=&#8221;4070&#8243; img_size=&#8221;medium&#8221; alignment=&#8221;center&#8221; onclick=&#8221;link_image&#8221;][\/vc_column][vc_column width=&#8221;1\/4&#8243;][vc_single_image image=&#8221;4071&#8243; img_size=&#8221;medium&#8221; alignment=&#8221;center&#8221; onclick=&#8221;link_image&#8221;][\/vc_column][\/vc_row][vc_row][vc_column][vc_column_text]\r\n<p class=\"p1\"><strong><span class=\"s1\">BALTAS CHARGED MODELIS:<\/span><\/strong><\/p>\r\n<p class=\"p1\"><span class=\"s1\">Baltasis Charged motoroleris leid\u017eia pajausti gaiv\u0173 v\u0117j\u0105. Balta spalva asocijuojasi su jaunyste, paprastumu ir pozityvia energija. \u0160is elektrinis motoroleris yra puikus pasirinkimas kelionei \u012f darb\u0105, susitikimui su senais klas\u0117s draugais ar greitam apsipirkimui.<\/span><\/p>\r\n[\/vc_column_text][\/vc_column][\/vc_row][vc_row][vc_column width=&#8221;1\/2&#8243;][vc_single_image image=&#8221;4002&#8243; img_size=&#8221;large&#8221; alignment=&#8221;center&#8221; onclick=&#8221;link_image&#8221;][\/vc_column][vc_column width=&#8221;1\/2&#8243;][vc_single_image image=&#8221;4003&#8243; img_size=&#8221;large&#8221; alignment=&#8221;center&#8221; onclick=&#8221;link_image&#8221;][\/vc_column][\/vc_row][vc_row][vc_column width=&#8221;1\/4&#8243;][vc_single_image image=&#8221;4072&#8243; img_size=&#8221;medium&#8221; alignment=&#8221;center&#8221; onclick=&#8221;link_image&#8221;][\/vc_column][vc_column width=&#8221;1\/4&#8243;][vc_single_image image=&#8221;4073&#8243; img_size=&#8221;medium&#8221; alignment=&#8221;center&#8221; onclick=&#8221;link_image&#8221;][\/vc_column][vc_column width=&#8221;1\/4&#8243;][vc_single_image image=&#8221;4060&#8243; img_size=&#8221;medium&#8221; alignment=&#8221;center&#8221; onclick=&#8221;link_image&#8221;][\/vc_column][vc_column width=&#8221;1\/4&#8243;][vc_single_image image=&#8221;4074&#8243; img_size=&#8221;medium&#8221; alignment=&#8221;center&#8221; onclick=&#8221;link_image&#8221;][\/vc_column][\/vc_row]","protected":false},"excerpt":{"rendered":"<p>Charged motoroleris yra tobula transporto priemon\u0117 leistis \u012f nuotykius mieste. Gera \u017einia ta, kad vairuotojo pa\u017eym\u0117jimas yre nereikalingas tam, kad gal\u0117tum\u0117te vairuoti elektrin\u012f motoroler\u012f. Tad niekas negali u\u017ekirsti jums kelio! Leiskit\u0117s \u012f nuotykius kartu su Charged Vogue! Tai vienas gra\u017eiausi\u0173 m\u016bs\u0173 si\u016blom\u0173 motoroleri\u0173. Stilingas dizainas primena Harley Davidson motociklus, ta\u010diau jis yra kur kas draugi\u0161kesnis.<\/p>\n<p>Charged elektrinis motoroleris sukurtas Kinijoje, ta\u010diau surinktas ir patobulintas Lietuvoje. Turime keturi\u0173 spalv\u0173 modelius, tad gal\u0117site pasirinkt\u0105 t\u0105, kuris geriausiai atspindi j\u016bs\u0173 b\u016bd\u0105 ir charakter\u012f. Detalios charakteristikos pateiktos \u017eemiau.<\/p>\n","protected":false},"featured_media":3944,"comment_status":"open","ping_status":"closed","template":"","meta":[],"class_list":["post-384","product","type-product","status-publish","has-post-thumbnail","hentry","product_brand-charged","product_cat-scooters"],"_links":{"self":[{"href":"https:\/\/charged.lt\/lt\/wp-json\/wp\/v2\/product\/384","targetHints":{"allow":["GET"]}}],"collection":[{"href":"https:\/\/charged.lt\/lt\/wp-json\/wp\/v2\/product"}],"about":[{"href":"https:\/\/charged.lt\/lt\/wp-json\/wp\/v2\/types\/product"}],"replies":[{"embeddable":true,"href":"https:\/\/charged.lt\/lt\/wp-json\/wp\/v2\/comments?post=384"}],"wp:featuredmedia":[{"embeddable":true,"href":"https:\/\/charged.lt\/lt\/wp-json\/wp\/v2\/media\/3944"}],"wp:attachment":[{"href":"https:\/\/charged.lt\/lt\/wp-json\/wp\/v2\/media?parent=384"}],"curies":[{"name":"wp","href":"https:\/\/api.w.org\/{rel}","templated":true}]}}